{"id":5732,"date":"2024-01-26T01:27:37","date_gmt":"2024-01-26T00:27:37","guid":{"rendered":"https:\/\/pmthotels.com\/?page_id=5732"},"modified":"2024-01-26T15:35:12","modified_gmt":"2024-01-26T14:35:12","slug":"apoyo-yield-coaching","status":"publish","type":"page","link":"https:\/\/pmthotels.com\/es\/yield\/apoyo-yield-coaching\/","title":{"rendered":"Apoyo Yield &#038; Coaching"},"content":{"rendered":"<div class=\"wpb-content-wrapper\"><p>[vc_row full_width=\u00bbstretch_row\u00bb css=\u00bb.vc_custom_1704388429092{background-image: url(https:\/\/pmthotels.com\/wp-content\/uploads\/2010\/01\/pmthotels-hotel-marketing.jpg?id=2661) !important;background-position: center !important;background-repeat: no-repeat !important;background-size: cover !important;}\u00bb][vc_column]<div class=\"ult-spacer spacer-69e75bf782592\" data-id=\"69e75bf782592\" data-height=\"120\" data-height-mobile=\"120\" data-height-tab=\"120\" data-height-tab-portrait=\"\" data-height-mobile-landscape=\"\" style=\"clear:both;display:block;\"><\/div>[vc_custom_heading source=\u00bbpost_title\u00bb font_container=\u00bbtag:h1|text_align:left\u00bb use_theme_fonts=\u00bbyes\u00bb][vc_custom_heading text=\u00bbEl acompa\u00f1amiento !\u00bb font_container=\u00bbtag:h3|text_align:left\u00bb use_theme_fonts=\u00bbyes\u00bb]<div class=\"ult-spacer spacer-69e75bf7825b4\" data-id=\"69e75bf7825b4\" data-height=\"90\" data-height-mobile=\"90\" data-height-tab=\"90\" data-height-tab-portrait=\"\" data-height-mobile-landscape=\"\" style=\"clear:both;display:block;\"><\/div>[\/vc_column][\/vc_row][vc_row full_width=\u00bbstretch_row\u00bb css=\u00bb.vc_custom_1602623499126{background-color: #f4f4f4 !important;}\u00bb][vc_column width=\u00bb1\/3&#8243;]<div class=\"ult-spacer spacer-69e75bf7825c5\" data-id=\"69e75bf7825c5\" data-height=\"30\" data-height-mobile=\"30\" data-height-tab=\"30\" data-height-tab-portrait=\"\" data-height-mobile-landscape=\"\" style=\"clear:both;display:block;\"><\/div>[vc_text_separator title=\u00bbTODAS NUESTRAS SOLUCIONES\u00bb color=\u00bbblack\u00bb]<div class=\"ult-spacer spacer-69e75bf7825d5\" data-id=\"69e75bf7825d5\" data-height=\"20\" data-height-mobile=\"20\" data-height-tab=\"20\" data-height-tab-portrait=\"\" data-height-mobile-landscape=\"\" style=\"clear:both;display:block;\"><\/div><style type=\"text\/css\" data-type=\"the7_shortcodes-inline-css\">#default-btn-ab8d399a97b1154911feecfa727edc37.ico-right-side > i {\n  margin-right: 0px;\n  margin-left: 8px;\n}\n#default-btn-ab8d399a97b1154911feecfa727edc37 > i {\n  margin-right: 8px;\n}<\/style><div class=\"btn-align-center\"><a href=\"https:\/\/pmthotels.com\/es\/yield\/yield-yield-management\/\" class=\"default-btn-shortcode dt-btn dt-btn-m fadeIn animate-element animation-builder link-hover-off full-width-btn \" id=\"default-btn-ab8d399a97b1154911feecfa727edc37\" title=\"Conocimientos t\u00e9cnicos en Yield\"><span>Conocimientos t\u00e9cnicos en Yield<\/span><\/a><\/div><div class=\"ult-spacer spacer-69e75bf7826a7\" data-id=\"69e75bf7826a7\" data-height=\"20\" data-height-mobile=\"20\" data-height-tab=\"20\" data-height-tab-portrait=\"\" data-height-mobile-landscape=\"\" style=\"clear:both;display:block;\"><\/div><style type=\"text\/css\" data-type=\"the7_shortcodes-inline-css\">#default-btn-e7aabcdcd23895997a85ea9c74285ba4.ico-right-side > i {\n  margin-right: 0px;\n  margin-left: 8px;\n}\n#default-btn-e7aabcdcd23895997a85ea9c74285ba4 > i {\n  margin-right: 8px;\n}<\/style><div class=\"btn-align-center\"><a href=\"https:\/\/pmthotels.com\/es\/yield\/yield-puesta-en-marcha-del-yied\/\" class=\"default-btn-shortcode dt-btn dt-btn-m fadeIn animate-element animation-builder link-hover-off full-width-btn \" id=\"default-btn-e7aabcdcd23895997a85ea9c74285ba4\" title=\"Puesta en marcha del Yield\"><span>Puesta en marcha del Yield<\/span><\/a><\/div><div class=\"ult-spacer spacer-69e75bf78270b\" data-id=\"69e75bf78270b\" data-height=\"20\" data-height-mobile=\"20\" data-height-tab=\"20\" data-height-tab-portrait=\"\" data-height-mobile-landscape=\"\" style=\"clear:both;display:block;\"><\/div><style type=\"text\/css\" data-type=\"the7_shortcodes-inline-css\">#default-btn-29232c4756cb0d8ee1a17a7e7dc4aedc.ico-right-side > i {\n  margin-right: 0px;\n  margin-left: 8px;\n}\n#default-btn-29232c4756cb0d8ee1a17a7e7dc4aedc > i {\n  margin-right: 8px;\n}<\/style><div class=\"btn-align-center\"><a href=\"https:\/\/pmthotels.com\/es\/yield\/yield-herramienta\/\" class=\"default-btn-shortcode dt-btn dt-btn-m fadeIn animate-element animation-builder link-hover-off full-width-btn \" id=\"default-btn-29232c4756cb0d8ee1a17a7e7dc4aedc\" title=\"La herramienta Yield\"><span>La herramienta Yield<\/span><\/a><\/div><div class=\"ult-spacer spacer-69e75bf782756\" data-id=\"69e75bf782756\" data-height=\"20\" data-height-mobile=\"20\" data-height-tab=\"20\" data-height-tab-portrait=\"\" data-height-mobile-landscape=\"\" style=\"clear:both;display:block;\"><\/div><style type=\"text\/css\" data-type=\"the7_shortcodes-inline-css\">#default-btn-6d051efd22e9eb9be85b8815b58be169.ico-right-side > i {\n  margin-right: 0px;\n  margin-left: 8px;\n}\n#default-btn-6d051efd22e9eb9be85b8815b58be169 > i {\n  margin-right: 8px;\n}<\/style><div class=\"btn-align-center\"><a href=\"https:\/\/pmthotels.com\/es\/yield\/externalizacion-del-rendimiento\/\" class=\"default-btn-shortcode dt-btn dt-btn-m fadeIn animate-element animation-builder link-hover-off full-width-btn \" id=\"default-btn-6d051efd22e9eb9be85b8815b58be169\" title=\"Externalizacion del rendimiento\"><span>Externalizacion del rendimiento<\/span><\/a><\/div><div class=\"ult-spacer spacer-69e75bf78279c\" data-id=\"69e75bf78279c\" data-height=\"20\" data-height-mobile=\"20\" data-height-tab=\"20\" data-height-tab-portrait=\"\" data-height-mobile-landscape=\"\" style=\"clear:both;display:block;\"><\/div>[\/vc_column][vc_column width=\u00bb2\/3&#8243;]<div class=\"ult-spacer spacer-69e75bf7827ac\" data-id=\"69e75bf7827ac\" data-height=\"20\" data-height-mobile=\"20\" data-height-tab=\"20\" data-height-tab-portrait=\"\" data-height-mobile-landscape=\"\" style=\"clear:both;display:block;\"><\/div>[vc_custom_heading text=\u00bbMisiones de acompa\u00f1amiento Yield para ayudarle a llevar al cabo<br \/>\nsu proyecto Yield: un prometedor \u00e9xito!\u00bb font_container=\u00bbtag:h4|text_align:center\u00bb use_theme_fonts=\u00bbyes\u00bb]<div class=\"ult-spacer spacer-69e75bf7827b8\" data-id=\"69e75bf7827b8\" data-height=\"20\" data-height-mobile=\"20\" data-height-tab=\"20\" data-height-tab-portrait=\"\" data-height-mobile-landscape=\"\" style=\"clear:both;display:block;\"><\/div>[vc_column_text]Poner en marcha el Yield Management (o Revenue Management) es un reto para cada hotel. Numerosos factores internos o externos al hotel hacen que esa puesta en marcha del Yield es mas o menos un desaf\u00edo.<\/p>\n<p>Nuestro modelo, basado en una relaci\u00f3n muy privilegiada con nuestros clientes, les asegura un buen comienzo gracias a la formaci\u00f3n de\u00a0Revenue Management y la puesta en marcha de la herramienta Yield. Esa primera etapa le permite al hotel ver nuestra evaluaci\u00f3n, nuestra capacidad de adaptaci\u00f3n a las diferentes problem\u00e1ticas de cada hotel y as\u00ed crear una <strong>relaci\u00f3n de confianza<\/strong>.<\/p>\n<p><strong>Si la\u00a0decisi\u00f3n\u00a0del hotel es la puesta en marcha del Yield Management sin estar confrontados solo ante las decisiones que ese cambio le puede conllevar, teniendo un impacto negativo en el resultado de su temporada, PMT Hotels les propone misiones de acompa\u00f1amiento sobre una duraci\u00f3n variable,\u00a0seg\u00fan\u00a0los retos, la temporada\u2026<\/strong><\/p>\n<p>Esas misiones tienen como objetivo llevar al cabo de forma positiva el proyecto de puesta en marcha del Yield, asegurando por ejemplo:<\/p>\n<ul style=\"text-align: justify;\">\n<li>no bajar demasiado sus tarifas y no llevar el resultado un d\u00eda antes o al contrario<\/li>\n<li>ser capaz de identificar las acciones privilegiando la alza del precio medio.<\/li>\n<\/ul>\n<p style=\"text-align: justify;\">PMT Hotels ha implantado el Yield Management y asesorado a m\u00e1s de un centenar de hoteles, y el rendimiento en los primeros a\u00f1os ha sido excepcional. El retorno de la inversi\u00f3n es altamente verificable. Y si a\u00fan tiene dudas, contacte con nosotros para descubrir nuestro modelo win-win, donde la remuneraci\u00f3n de PMT Hotels depende \u00fanicamente del volumen de negocio desarrollado&#8230;.<\/p>\n<p>[\/vc_column_text]<div class=\"ult-spacer spacer-69e75bf7827c4\" data-id=\"69e75bf7827c4\" data-height=\"20\" data-height-mobile=\"20\" data-height-tab=\"20\" data-height-tab-portrait=\"\" data-height-mobile-landscape=\"\" style=\"clear:both;display:block;\"><\/div>[vc_text_separator title=\u00bbMetodolog\u00eda de nuestros acompa\u00f1amientos Yield\u00bb color=\u00bbblack\u00bb]<div class=\"ult-spacer spacer-69e75bf7827d3\" data-id=\"69e75bf7827d3\" data-height=\"20\" data-height-mobile=\"20\" data-height-tab=\"20\" data-height-tab-portrait=\"\" data-height-mobile-landscape=\"\" style=\"clear:both;display:block;\"><\/div>[vc_column_text]<\/p>\n<h4>Fase de de cogida en mano del\u00a0Yield<\/h4>\n<p>En el cuadro de esas misiones de acompa\u00f1amiento en Yield Management, comenzamos por preparar para el hotel las recomendaciones de venta, en funci\u00f3n\u00a0de la variaci\u00f3n dependiente de la competencia.<\/p>\n<p>Durante las sesiones telef\u00f3nicas, programadas una o dos veces por semana (dependiendo de las necesidades individuales), PMT Hotels desarrollamos oralmente las razones por las cuales cada una de las acciones es propuesta y validamos con la autorizaci\u00f3n del hotel esas mejor\u00edas.<\/p>\n<h4 style=\"text-align: justify;\"><\/h4>\n<h4 style=\"text-align: justify;\">Fase de coaching<\/h4>\n<p>Una vez el hotel familiarizado con la utilizaci\u00f3n del Yield, es el hotel que tiene que preparar sus preferencias de venta y de presentarnos las razones de sus elecciones estrategicas. PMT Hotels entra en una fase de coaching ayudando al hotel a tomar sus propias decisiones\u00a0en tema de tarificaci\u00f3n.<\/p>\n<h4 style=\"text-align: justify;\"><\/h4>\n<h4 style=\"text-align: justify;\">Vigilancia en la paridad tarifaria<\/h4>\n<section class=\"wpb-content-wrapper\">\n<div class=\"vc_row wpb_row vc_row-fluid dt-default\">\n<div class=\"wpb_column vc_column_container vc_col-sm-9\">\n<div class=\"vc_column-inner\">\n<div class=\"wpb_wrapper\">\n<div class=\"wpb_text_column wpb_content_element \">\n<div class=\"wpb_wrapper\">\n<p>En paralelo, PMT Hotels asegura una vigilancia continua de la paridad tarifar\u00eda para el establecimiento para asegurar que la gesti\u00f3n de inventarios as\u00ed como la aplicaci\u00f3n de las recomendaciones tarifar\u00edas siempre sean bien visibles en los diferentes canales de distribuci\u00f3n.<\/p>\n<\/div>\n<\/div>\n<\/div>\n<\/div>\n<\/div>\n<\/div>\n<\/section>\n<p>[\/vc_column_text][\/vc_column][\/vc_row][vc_row full_width=\u00bbstretch_row\u00bb][vc_column]<div class=\"ult-spacer spacer-69e75bf7827de\" data-id=\"69e75bf7827de\" data-height=\"15\" data-height-mobile=\"15\" data-height-tab=\"15\" data-height-tab-portrait=\"\" data-height-mobile-landscape=\"\" style=\"clear:both;display:block;\"><\/div>[vc_custom_heading text=\u00bbF\u00d3RMULAS DE YIELD MANAGEMENT PARA AUMENTAR SU RENTABILIDAD\u00bb font_container=\u00bbtag:h4|text_align:center\u00bb use_theme_fonts=\u00bbyes\u00bb]<div class=\"ult-spacer spacer-69e75bf7827ea\" data-id=\"69e75bf7827ea\" data-height=\"30\" data-height-mobile=\"30\" data-height-tab=\"30\" data-height-tab-portrait=\"\" data-height-mobile-landscape=\"\" style=\"clear:both;display:block;\"><\/div>[\/vc_column][\/vc_row][vc_row full_width=\u00bbstretch_row\u00bb css=\u00bb.vc_custom_1602623499126{background-color: #f4f4f4 !important;}\u00bb][vc_column width=\u00bb1\/3&#8243;]<div class=\"ult-spacer spacer-69e75bf7827f4\" data-id=\"69e75bf7827f4\" data-height=\"15\" data-height-mobile=\"15\" data-height-tab=\"15\" data-height-tab-portrait=\"\" data-height-mobile-landscape=\"\" style=\"clear:both;display:block;\"><\/div>[vc_text_separator title=\u00bbFormaci\u00f3n sobre rendimiento\u00bb color=\u00bbblack\u00bb][vc_single_image image=\u00bb4091&#8243; img_size=\u00bbfull\u00bb alignment=\u00bbcenter\u00bb][vc_column_text]<\/p>\n<p style=\"text-align: justify;\">Formaci\u00f3n de inmersi\u00f3n total en su hotel. Redescubra los conceptos y componentes del Yield Management. Redefina toda su oferta comercial y estimule las oportunidades para aumentar las ventas.<br \/>\nFinalice la formaci\u00f3n con un plan de acci\u00f3n.<\/p>\n<p>[\/vc_column_text]<style type=\"text\/css\" data-type=\"the7_shortcodes-inline-css\">#default-btn-88ba421df1d96d66a95dc10a870eb505.ico-right-side > i {\n  margin-right: 0px;\n  margin-left: 8px;\n}\n#default-btn-88ba421df1d96d66a95dc10a870eb505 > i {\n  margin-right: 8px;\n}<\/style><div class=\"btn-align-center\"><a href=\"#\" class=\"default-btn-shortcode dt-btn dt-btn-m fadeIn animate-element animation-builder link-hover-off full-width-btn \" id=\"default-btn-88ba421df1d96d66a95dc10a870eb505\" title=\"Contact\"><span>M\u00e1s informaci\u00f3n &#8211; LIEN A METTRE<\/span><\/a><\/div><div class=\"ult-spacer spacer-69e75bf782835\" data-id=\"69e75bf782835\" data-height=\"50\" data-height-mobile=\"50\" data-height-tab=\"50\" data-height-tab-portrait=\"\" data-height-mobile-landscape=\"\" style=\"clear:both;display:block;\"><\/div>[\/vc_column][vc_column width=\u00bb1\/3&#8243;]<div class=\"ult-spacer spacer-69e75bf78283f\" data-id=\"69e75bf78283f\" data-height=\"15\" data-height-mobile=\"15\" data-height-tab=\"15\" data-height-tab-portrait=\"\" data-height-mobile-landscape=\"\" style=\"clear:both;display:block;\"><\/div>[vc_text_separator title=\u00bbExternalizaci\u00f3n del rendimiento\u00bb color=\u00bbblack\u00bb][vc_single_image image=\u00bb4085&#8243; img_size=\u00bbfull\u00bb alignment=\u00bbcenter\u00bb][vc_column_text]<\/p>\n<p style=\"text-align: justify;\">Adquiera experiencia con el apoyo de Yield. A lo largo del a\u00f1o, en forma de sesiones de trabajo a distancia e in situ, PMT Hotels puede ayudarle con el an\u00e1lisis, las decisiones de precios y todos los aspectos de marketing y distribuci\u00f3n.<\/p>\n<p>[\/vc_column_text]<div class=\"ult-spacer spacer-69e75bf78284b\" data-id=\"69e75bf78284b\" data-height=\"28\" data-height-mobile=\"28\" data-height-tab=\"28\" data-height-tab-portrait=\"\" data-height-mobile-landscape=\"\" style=\"clear:both;display:block;\"><\/div><style type=\"text\/css\" data-type=\"the7_shortcodes-inline-css\">#default-btn-2f343607f53c8e5a8a5f6cc45baa0a85.ico-right-side > i {\n  margin-right: 0px;\n  margin-left: 8px;\n}\n#default-btn-2f343607f53c8e5a8a5f6cc45baa0a85 > i {\n  margin-right: 8px;\n}<\/style><div class=\"btn-align-center\"><a href=\"#\" class=\"default-btn-shortcode dt-btn dt-btn-m fadeIn animate-element animation-builder link-hover-off full-width-btn \" id=\"default-btn-2f343607f53c8e5a8a5f6cc45baa0a85\"><span>Descubra el apoyo a los rendimientos &#8211; LIEN A METTRE<\/span><\/a><\/div><div class=\"ult-spacer spacer-69e75bf782889\" data-id=\"69e75bf782889\" data-height=\"50\" data-height-mobile=\"50\" data-height-tab=\"50\" data-height-tab-portrait=\"\" data-height-mobile-landscape=\"\" style=\"clear:both;display:block;\"><\/div>[\/vc_column][vc_column width=\u00bb1\/3&#8243;]<div class=\"ult-spacer spacer-69e75bf782893\" data-id=\"69e75bf782893\" data-height=\"15\" data-height-mobile=\"15\" data-height-tab=\"15\" data-height-tab-portrait=\"\" data-height-mobile-landscape=\"\" style=\"clear:both;display:block;\"><\/div>[vc_text_separator title=\u00bbLa herramienta Rendimiento\u00bb color=\u00bbblack\u00bb][vc_single_image image=\u00bb4139&#8243; img_size=\u00bb373&#215;120&#8243; alignment=\u00bbcenter\u00bb][vc_column_text]<\/p>\n<p style=\"text-align: justify;\">Construya su base de datos estad\u00edstica esencial para el Yield Management con la herramienta Yield desarrollada por PMT Hotels. Es f\u00e1cil de usar y flexible a sus necesidades. Gestione sus ramp-ups con mayor anticipaci\u00f3n y controle sus objetivos con mayor visibilidad.<\/p>\n<p>[\/vc_column_text]<style type=\"text\/css\" data-type=\"the7_shortcodes-inline-css\">#default-btn-29232c4756cb0d8ee1a17a7e7dc4aedc.ico-right-side > i {\n  margin-right: 0px;\n  margin-left: 8px;\n}\n#default-btn-29232c4756cb0d8ee1a17a7e7dc4aedc > i {\n  margin-right: 8px;\n}<\/style><div class=\"btn-align-center\"><a href=\"https:\/\/pmthotels.com\/es\/yield\/yield-herramienta\/\" class=\"default-btn-shortcode dt-btn dt-btn-m fadeIn animate-element animation-builder link-hover-off full-width-btn \" id=\"default-btn-29232c4756cb0d8ee1a17a7e7dc4aedc\" title=\"La herramienta Yield\"><span>Descubra la nueva herramienta Rendimiento<\/span><\/a><\/div><div class=\"ult-spacer spacer-69e75bf7828d4\" data-id=\"69e75bf7828d4\" data-height=\"50\" data-height-mobile=\"50\" data-height-tab=\"50\" data-height-tab-portrait=\"\" data-height-mobile-landscape=\"\" style=\"clear:both;display:block;\"><\/div>[\/vc_column][\/vc_row][vc_row full_width=\u00bbstretch_row\u00bb css=\u00bb.vc_custom_1602623499126{background-color: #f4f4f4 !important;}\u00bb][vc_column width=\u00bb1\/3&#8243;]<div class=\"ult-spacer spacer-69e75bf7828de\" data-id=\"69e75bf7828de\" data-height=\"15\" data-height-mobile=\"15\" data-height-tab=\"15\" data-height-tab-portrait=\"\" data-height-mobile-landscape=\"\" style=\"clear:both;display:block;\"><\/div>[vc_text_separator title=\u00bbGrupos hoteleros\u00bb color=\u00bbblack\u00bb][vc_single_image image=\u00bb4110&#8243; img_size=\u00bbfull\u00bb alignment=\u00bbcenter\u00bb][vc_column_text]<\/p>\n<div class=\"wpb_text_column wpb_content_element \">\n<div class=\"wpb_wrapper\">\n<p>Ya sea para formaci\u00f3n, coaching o externalizaci\u00f3n de Yield, cons\u00faltenos para proporcionar apoyo y experiencia a su Group Revenue Manager o para cada hotel. PMT Hotels ofrece asesoramiento, despliega estrategias para todo el grupo y garantiza la continuidad del negocio para el propietario.<\/p>\n<\/div>\n<\/div>\n<p>[\/vc_column_text]<style type=\"text\/css\" data-type=\"the7_shortcodes-inline-css\">#default-btn-88ba421df1d96d66a95dc10a870eb505.ico-right-side > i {\n  margin-right: 0px;\n  margin-left: 8px;\n}\n#default-btn-88ba421df1d96d66a95dc10a870eb505 > i {\n  margin-right: 8px;\n}<\/style><div class=\"btn-align-center\"><a href=\"#\" class=\"default-btn-shortcode dt-btn dt-btn-m fadeIn animate-element animation-builder link-hover-off full-width-btn \" id=\"default-btn-88ba421df1d96d66a95dc10a870eb505\" title=\"Contact\"><span>M\u00e1s informaci\u00f3n &#8211; LIEN A METTRE<\/span><\/a><\/div><div class=\"ult-spacer spacer-69e75bf78291d\" data-id=\"69e75bf78291d\" data-height=\"50\" data-height-mobile=\"50\" data-height-tab=\"50\" data-height-tab-portrait=\"\" data-height-mobile-landscape=\"\" style=\"clear:both;display:block;\"><\/div>[\/vc_column][vc_column width=\u00bb1\/3&#8243;]<div class=\"ult-spacer spacer-69e75bf782927\" data-id=\"69e75bf782927\" data-height=\"15\" data-height-mobile=\"15\" data-height-tab=\"15\" data-height-tab-portrait=\"\" data-height-mobile-landscape=\"\" style=\"clear:both;display:block;\"><\/div>[vc_text_separator title=\u00bb2 modelos de remuneraci\u00f3n\u00bb color=\u00bbblack\u00bb][vc_single_image image=\u00bb4107&#8243; img_size=\u00bbfull\u00bb alignment=\u00bbcenter\u00bb][vc_column_text]<\/p>\n<p style=\"text-align: justify;\">\u00bfTarifa fija para un presupuesto controlado o Success Fees, s\u00f3lo si PMT Hotels desarrolla la facturaci\u00f3n del hotel?<br \/>\n\u00a1Usted elige la opci\u00f3n que m\u00e1s le convenga!<\/p>\n<p>[\/vc_column_text]<div class=\"ult-spacer spacer-69e75bf782930\" data-id=\"69e75bf782930\" data-height=\"56\" data-height-mobile=\"56\" data-height-tab=\"56\" data-height-tab-portrait=\"\" data-height-mobile-landscape=\"\" style=\"clear:both;display:block;\"><\/div><style type=\"text\/css\" data-type=\"the7_shortcodes-inline-css\">#default-btn-88ba421df1d96d66a95dc10a870eb505.ico-right-side > i {\n  margin-right: 0px;\n  margin-left: 8px;\n}\n#default-btn-88ba421df1d96d66a95dc10a870eb505 > i {\n  margin-right: 8px;\n}<\/style><div class=\"btn-align-center\"><a href=\"#\" class=\"default-btn-shortcode dt-btn dt-btn-m fadeIn animate-element animation-builder link-hover-off full-width-btn \" id=\"default-btn-88ba421df1d96d66a95dc10a870eb505\" title=\"Contact\"><span>M\u00e1s informaci\u00f3n &#8211; LIEN A METTRE<\/span><\/a><\/div><div class=\"ult-spacer spacer-69e75bf782966\" data-id=\"69e75bf782966\" data-height=\"50\" data-height-mobile=\"50\" data-height-tab=\"50\" data-height-tab-portrait=\"\" data-height-mobile-landscape=\"\" style=\"clear:both;display:block;\"><\/div>[\/vc_column][vc_column width=\u00bb1\/3&#8243;][\/vc_column][\/vc_row][vc_row full_width=\u00bbstretch_row\u00bb][vc_column]<div class=\"ult-spacer spacer-69e75bf782972\" data-id=\"69e75bf782972\" data-height=\"50\" data-height-mobile=\"50\" data-height-tab=\"50\" data-height-tab-portrait=\"\" data-height-mobile-landscape=\"\" style=\"clear:both;display:block;\"><\/div>[vc_custom_heading text=\u00bbHOTELES PMT CONSULTADOS EN LA PRENSA FRANCESA\u00bb font_container=\u00bbtag:h2|text_align:center\u00bb use_theme_fonts=\u00bbyes\u00bb]<div class=\"ult-spacer spacer-69e75bf78297b\" data-id=\"69e75bf78297b\" data-height=\"44\" data-height-mobile=\"44\" data-height-tab=\"44\" data-height-tab-portrait=\"\" data-height-mobile-landscape=\"\" style=\"clear:both;display:block;\"><\/div>[\/vc_column][\/vc_row][vc_row][vc_column width=\u00bb1\/3&#8243;][vc_single_image image=\u00bb4130&#8243; img_size=\u00bbfull\u00bb alignment=\u00bbright\u00bb style=\u00bbvc_box_rounded\u00bb][\/vc_column][vc_column width=\u00bb1\/3&#8243;][vc_single_image image=\u00bb4127&#8243; img_size=\u00bbfull\u00bb alignment=\u00bbright\u00bb style=\u00bbvc_box_rounded\u00bb][\/vc_column][vc_column width=\u00bb1\/3&#8243;][vc_single_image image=\u00bb4124&#8243; img_size=\u00bbfull\u00bb alignment=\u00bbright\u00bb style=\u00bbvc_box_rounded\u00bb][\/vc_column][\/vc_row]<\/p>\n<\/div>","protected":false},"excerpt":{"rendered":"<p>[vc_row full_width=\u00bbstretch_row\u00bb css=\u00bb.vc_custom_1704388429092{background-image: url(https:\/\/pmthotels.com\/wp-content\/uploads\/2010\/01\/pmthotels-hotel-marketing.jpg?id=2661) !important;background-position: center !important;background-repeat: no-repeat !important;background-size: cover !important;}\u00bb][vc_column][vc_custom_heading source=\u00bbpost_title\u00bb font_container=\u00bbtag:h1|text_align:left\u00bb use_theme_fonts=\u00bbyes\u00bb][vc_custom_heading text=\u00bbEl acompa\u00f1amiento !\u00bb font_container=\u00bbtag:h3|text_align:left\u00bb use_theme_fonts=\u00bbyes\u00bb][\/vc_column][\/vc_row][vc_row full_width=\u00bbstretch_row\u00bb css=\u00bb.vc_custom_1602623499126{background-color: #f4f4f4 !important;}\u00bb][vc_column width=\u00bb1\/3&#8243;][vc_text_separator title=\u00bbTODAS NUESTRAS SOLUCIONES\u00bb color=\u00bbblack\u00bb][\/vc_column][vc_column width=\u00bb2\/3&#8243;][vc_custom_heading text=\u00bbMisiones de acompa\u00f1amiento Yield para ayudarle a llevar al cabo su proyecto Yield: un prometedor \u00e9xito!\u00bb font_container=\u00bbtag:h4|text_align:center\u00bb use_theme_fonts=\u00bbyes\u00bb][vc_column_text]Poner en marcha el Yield Management (o Revenue Management)&hellip;<\/p>\n","protected":false},"author":1,"featured_media":0,"parent":5722,"menu_order":4,"comment_status":"closed","ping_status":"closed","template":"","meta":{"om_disable_all_campaigns":false,"footnotes":""},"class_list":["post-5732","page","type-page","status-publish","hentry","description-off"],"aioseo_notices":[],"_links":{"self":[{"href":"https:\/\/pmthotels.com\/es\/wp-json\/wp\/v2\/pages\/5732"}],"collection":[{"href":"https:\/\/pmthotels.com\/es\/wp-json\/wp\/v2\/pages"}],"about":[{"href":"https:\/\/pmthotels.com\/es\/wp-json\/wp\/v2\/types\/page"}],"author":[{"embeddable":true,"href":"https:\/\/pmthotels.com\/es\/wp-json\/wp\/v2\/users\/1"}],"replies":[{"embeddable":true,"href":"https:\/\/pmthotels.com\/es\/wp-json\/wp\/v2\/comments?post=5732"}],"version-history":[{"count":10,"href":"https:\/\/pmthotels.com\/es\/wp-json\/wp\/v2\/pages\/5732\/revisions"}],"predecessor-version":[{"id":5771,"href":"https:\/\/pmthotels.com\/es\/wp-json\/wp\/v2\/pages\/5732\/revisions\/5771"}],"up":[{"embeddable":true,"href":"https:\/\/pmthotels.com\/es\/wp-json\/wp\/v2\/pages\/5722"}],"wp:attachment":[{"href":"https:\/\/pmthotels.com\/es\/wp-json\/wp\/v2\/media?parent=5732"}],"curies":[{"name":"wp","href":"https:\/\/api.w.org\/{rel}","templated":true}]}}