{"id":5725,"date":"2024-01-26T01:02:37","date_gmt":"2024-01-26T00:02:37","guid":{"rendered":"https:\/\/pmthotels.com\/?page_id=5725"},"modified":"2024-01-26T15:28:28","modified_gmt":"2024-01-26T14:28:28","slug":"yield-herramienta","status":"publish","type":"page","link":"https:\/\/pmthotels.com\/es\/yield\/yield-herramienta\/","title":{"rendered":"La herramienta Yield"},"content":{"rendered":"<div class=\"wpb-content-wrapper\"><p>[vc_row full_width=\u00bbstretch_row\u00bb css=\u00bb.vc_custom_1704388132314{background-image: url(https:\/\/pmthotels.com\/wp-content\/uploads\/2010\/01\/pmthotels-hotel-marketing.jpg?id=2661) !important;background-position: center !important;background-repeat: no-repeat !important;background-size: cover !important;}\u00bb][vc_column]<div class=\"ult-spacer spacer-69e75bf782529\" data-id=\"69e75bf782529\" data-height=\"120\" data-height-mobile=\"120\" data-height-tab=\"120\" data-height-tab-portrait=\"\" data-height-mobile-landscape=\"\" style=\"clear:both;display:block;\"><\/div>[vc_custom_heading source=\u00bbpost_title\u00bb font_container=\u00bbtag:h1|text_align:left\u00bb use_theme_fonts=\u00bbyes\u00bb][vc_custom_heading text=\u00bbLlevar la rienda de su hotel\u00bb font_container=\u00bbtag:h3|text_align:left\u00bb use_theme_fonts=\u00bbyes\u00bb]<div class=\"ult-spacer spacer-69e75bf78254b\" data-id=\"69e75bf78254b\" data-height=\"90\" data-height-mobile=\"90\" data-height-tab=\"90\" data-height-tab-portrait=\"\" data-height-mobile-landscape=\"\" style=\"clear:both;display:block;\"><\/div>[\/vc_column][\/vc_row][vc_row full_width=\u00bbstretch_row\u00bb css=\u00bb.vc_custom_1602623499126{background-color: #f4f4f4 !important;}\u00bb][vc_column width=\u00bb1\/3&#8243;]<div class=\"ult-spacer spacer-69e75bf78255b\" data-id=\"69e75bf78255b\" data-height=\"30\" data-height-mobile=\"30\" data-height-tab=\"30\" data-height-tab-portrait=\"\" data-height-mobile-landscape=\"\" style=\"clear:both;display:block;\"><\/div>[vc_text_separator title=\u00bbTodas nuestras soluciones\u00bb color=\u00bbblack\u00bb]<div class=\"ult-spacer spacer-69e75bf782569\" data-id=\"69e75bf782569\" data-height=\"20\" data-height-mobile=\"20\" data-height-tab=\"20\" data-height-tab-portrait=\"\" data-height-mobile-landscape=\"\" style=\"clear:both;display:block;\"><\/div><style type=\"text\/css\" data-type=\"the7_shortcodes-inline-css\">#default-btn-ab8d399a97b1154911feecfa727edc37.ico-right-side > i {\n  margin-right: 0px;\n  margin-left: 8px;\n}\n#default-btn-ab8d399a97b1154911feecfa727edc37 > i {\n  margin-right: 8px;\n}<\/style><div class=\"btn-align-center\"><a href=\"https:\/\/pmthotels.com\/es\/yield\/yield-yield-management\/\" class=\"default-btn-shortcode dt-btn dt-btn-m fadeIn animate-element animation-builder link-hover-off full-width-btn \" id=\"default-btn-ab8d399a97b1154911feecfa727edc37\" title=\"Conocimientos t\u00e9cnicos en Yield\"><span>Conocimientos t\u00e9cnicos en Yield<\/span><\/a><\/div><div class=\"ult-spacer spacer-69e75bf78262d\" data-id=\"69e75bf78262d\" data-height=\"20\" data-height-mobile=\"20\" data-height-tab=\"20\" data-height-tab-portrait=\"\" data-height-mobile-landscape=\"\" style=\"clear:both;display:block;\"><\/div><style type=\"text\/css\" data-type=\"the7_shortcodes-inline-css\">#default-btn-e7aabcdcd23895997a85ea9c74285ba4.ico-right-side > i {\n  margin-right: 0px;\n  margin-left: 8px;\n}\n#default-btn-e7aabcdcd23895997a85ea9c74285ba4 > i {\n  margin-right: 8px;\n}<\/style><div class=\"btn-align-center\"><a href=\"https:\/\/pmthotels.com\/es\/yield\/yield-puesta-en-marcha-del-yied\/\" class=\"default-btn-shortcode dt-btn dt-btn-m fadeIn animate-element animation-builder link-hover-off full-width-btn \" id=\"default-btn-e7aabcdcd23895997a85ea9c74285ba4\" title=\"Puesta en marcha del Yield\"><span>Puesta en marcha del Yield<\/span><\/a><\/div><div class=\"ult-spacer spacer-69e75bf782688\" data-id=\"69e75bf782688\" data-height=\"20\" data-height-mobile=\"20\" data-height-tab=\"20\" data-height-tab-portrait=\"\" data-height-mobile-landscape=\"\" style=\"clear:both;display:block;\"><\/div><style type=\"text\/css\" data-type=\"the7_shortcodes-inline-css\">#default-btn-23b47f1096b74deabc647a7b88e82a07.ico-right-side > i {\n  margin-right: 0px;\n  margin-left: 8px;\n}\n#default-btn-23b47f1096b74deabc647a7b88e82a07 > i {\n  margin-right: 8px;\n}<\/style><div class=\"btn-align-center\"><a href=\"https:\/\/pmthotels.com\/es\/yield\/apoyo-yield-coaching\/\" class=\"default-btn-shortcode dt-btn dt-btn-m fadeIn animate-element animation-builder link-hover-off full-width-btn \" id=\"default-btn-23b47f1096b74deabc647a7b88e82a07\" title=\"Apoyo Yield & Coaching\"><span>Apoyo Yield &amp; Coaching<\/span><\/a><\/div><div class=\"ult-spacer spacer-69e75bf7826d0\" data-id=\"69e75bf7826d0\" data-height=\"20\" data-height-mobile=\"20\" data-height-tab=\"20\" data-height-tab-portrait=\"\" data-height-mobile-landscape=\"\" style=\"clear:both;display:block;\"><\/div><style type=\"text\/css\" data-type=\"the7_shortcodes-inline-css\">#default-btn-6d051efd22e9eb9be85b8815b58be169.ico-right-side > i {\n  margin-right: 0px;\n  margin-left: 8px;\n}\n#default-btn-6d051efd22e9eb9be85b8815b58be169 > i {\n  margin-right: 8px;\n}<\/style><div class=\"btn-align-center\"><a href=\"https:\/\/pmthotels.com\/es\/yield\/externalizacion-del-rendimiento\/\" class=\"default-btn-shortcode dt-btn dt-btn-m fadeIn animate-element animation-builder link-hover-off full-width-btn \" id=\"default-btn-6d051efd22e9eb9be85b8815b58be169\" title=\"Externalizacion del rendimiento\"><span>Externalizacion del rendimiento<\/span><\/a><\/div><div class=\"ult-spacer spacer-69e75bf782715\" data-id=\"69e75bf782715\" data-height=\"20\" data-height-mobile=\"20\" data-height-tab=\"20\" data-height-tab-portrait=\"\" data-height-mobile-landscape=\"\" style=\"clear:both;display:block;\"><\/div>[\/vc_column][vc_column width=\u00bb2\/3&#8243;]<div class=\"ult-spacer spacer-69e75bf782722\" data-id=\"69e75bf782722\" data-height=\"20\" data-height-mobile=\"20\" data-height-tab=\"20\" data-height-tab-portrait=\"\" data-height-mobile-landscape=\"\" style=\"clear:both;display:block;\"><\/div>[vc_custom_heading text=\u00bbNueva herramienta Yield,<br \/>\nel mismo ADN de alto rendimiento\u00bb font_container=\u00bbtag:h4|text_align:center\u00bb use_theme_fonts=\u00bbyes\u00bb]<div class=\"ult-spacer spacer-69e75bf78272d\" data-id=\"69e75bf78272d\" data-height=\"20\" data-height-mobile=\"20\" data-height-tab=\"20\" data-height-tab-portrait=\"\" data-height-mobile-landscape=\"\" style=\"clear:both;display:block;\"><\/div>[vc_column_text]<\/p>\n<p style=\"text-align: justify;\">\u00a1Tras m\u00e1s de 10 a\u00f1os de desarrollo, integraci\u00f3n de nuevas funciones y comentarios de los hoteles, PMT Hotels lanza la <strong>\u00faltima versi\u00f3n de su herramienta YIELD<\/strong>!<\/p>\n<p style=\"text-align: justify;\"><strong>F\u00e1cil de usar, basada en Excel, en un entorno familiar, flexible seg\u00fan las necesidades espec\u00edficas de cada hotel, esta herramienta le permitir\u00e1 lanzarse al Yield Management sin inversiones masivas, para construir su base de datos estad\u00edsticos esencial para la toma de decisiones en materia de Rendimiento y tarifas.<\/strong><\/p>\n<p style=\"text-align: justify;\">Muchos de los hoteles que eligieron nuestra herramienta de Yield Management para empezar han decidido mantenerla varios a\u00f1os despu\u00e9s. Estos son algunos ejemplos de hoteles que han implementado con \u00e9xito su proyecto Yield con PMT Hotels:<\/p>\n<ul>\n<li style=\"text-align: justify;\">Paris : Le Tsuba H\u00f4tel, l&#8217;Atlantic, le Duminy Vend\u00f4me,\u00a0le Saint-Cyr Etoile, La Villa Maillot, La Villa Haussmann, &#8230;<\/li>\n<li style=\"text-align: justify;\">Provence: Baumani\u00e8re, Le Mas de Pierre, Le Prieur\u00e9, Bastide de Biot, &#8230;<\/li>\n<li style=\"text-align: justify;\">Montagne:\u00a0Les Grandes Rousses, Les Grandes Alpes, les h\u00f4tels du groupe Temmos&#8230;<\/li>\n<li style=\"text-align: justify;\">Sud-Ouest: l&#8217;h\u00f4tel du Palais, Le Grand H\u00f4tel Loreamar, le Baya H\u00f4tel&#8230;<\/li>\n<li style=\"text-align: justify;\">Bourgogne: Ch\u00e2teau de Vault-de-Lugny, Le Moulin des Templiers&#8230;<\/li>\n<li style=\"text-align: justify;\">Est: Ch\u00e2teau de Germigney, L&#8217;Arnsbourg, Couleurs Bois et Spa,&#8230;<\/li>\n<li style=\"text-align: justify;\">Corse: Santa Giulia Palace, le Mariosa, l&#8217;Alcyon, l&#8217;A Cheda&#8230;<\/li>\n<\/ul>\n<p>La herramienta Yield se utiliza en establecimientos con capacidades que van de 5 habitaciones (bed and breakfast) a m\u00e1s de 500 habitaciones (sobre todo en Disneyland Par\u00eds).<\/p>\n<p style=\"text-align: justify;\">Adem\u00e1s, nuestro equipo le formar\u00e1, asesorar\u00e1 y apoyar\u00e1 en funci\u00f3n de sus necesidades y limitaciones. Ofrecemos <strong>programas de formaci\u00f3n en Yield exclusivos<\/strong> para un solo hotel o grupo hotelero, <strong>que combinan teor\u00eda de Revenue Management, t\u00e9cnicas pr\u00e1cticas de Yield y el uso de nuestra herramienta Yield, que se ofrece como parte de la formaci\u00f3n<\/strong> (oferta v\u00e1lida para un establecimiento por curso de formaci\u00f3n). <strong>Al final del curso, ser\u00e1 plenamente operativo en Yield Management<\/strong>, con la garant\u00eda del apoyo de su formador.<\/p>\n<p style=\"text-align: justify;\">Para los iniciados en Yield Management, el expediente Yield es una mina de informaci\u00f3n y puede adquirirse sin formaci\u00f3n.<\/p>\n<p style=\"text-align: justify;\"><strong>Entre las estad\u00edsticas generadas en el Yield:<\/strong><\/p>\n<ul>\n<li>Cartera de reservas<\/li>\n<li style=\"text-align: justify;\">Carteras vs N-1, presupuesto y cartera N-1<\/li>\n<li style=\"text-align: justify;\">Recogida diaria<\/li>\n<li style=\"text-align: justify;\">Gr\u00e1ficos de volumen de negocio (comparaci\u00f3n N-1<\/li>\n<li style=\"text-align: justify;\">Estimaci\u00f3n del forecast<\/li>\n<li style=\"text-align: justify;\">Estad\u00edsticas alojamiento (segmentos de mercados, fuentes, nacionalidades, indice de frecuencia, duraci\u00f3n media de estancia, producci\u00f3n por dia por semana..)<\/li>\n<li>Eventos&#8230;<\/li>\n<\/ul>\n<p>[\/vc_column_text]<div class=\"ult-spacer spacer-69e75bf78273b\" data-id=\"69e75bf78273b\" data-height=\"20\" data-height-mobile=\"20\" data-height-tab=\"20\" data-height-tab-portrait=\"\" data-height-mobile-landscape=\"\" style=\"clear:both;display:block;\"><\/div>[\/vc_column][\/vc_row][vc_row full_width=\u00bbstretch_row\u00bb][vc_column]<div class=\"ult-spacer spacer-69e75bf78274c\" data-id=\"69e75bf78274c\" data-height=\"15\" data-height-mobile=\"15\" data-height-tab=\"15\" data-height-tab-portrait=\"\" data-height-mobile-landscape=\"\" style=\"clear:both;display:block;\"><\/div>[vc_custom_heading text=\u00bbF\u00f3rmulas de Yield Management para aumentar su rentabilidad\u00bb font_container=\u00bbtag:h4|text_align:center\u00bb use_theme_fonts=\u00bbyes\u00bb]<div class=\"ult-spacer spacer-69e75bf782758\" data-id=\"69e75bf782758\" data-height=\"30\" data-height-mobile=\"30\" data-height-tab=\"30\" data-height-tab-portrait=\"\" data-height-mobile-landscape=\"\" style=\"clear:both;display:block;\"><\/div>[\/vc_column][\/vc_row][vc_row full_width=\u00bbstretch_row\u00bb css=\u00bb.vc_custom_1602623499126{background-color: #f4f4f4 !important;}\u00bb][vc_column width=\u00bb1\/3&#8243;][vc_custom_heading text=\u00bbFORMACI\u00d3N SOBRE RENDIMIENTO\u00bb font_container=\u00bbtag:h4|text_align:center\u00bb use_theme_fonts=\u00bbyes\u00bb]<div class=\"ult-spacer spacer-69e75bf782763\" data-id=\"69e75bf782763\" data-height=\"20\" data-height-mobile=\"20\" data-height-tab=\"20\" data-height-tab-portrait=\"\" data-height-mobile-landscape=\"\" style=\"clear:both;display:block;\"><\/div>[vc_single_image image=\u00bb4091&#8243; img_size=\u00bbfull\u00bb alignment=\u00bbcenter\u00bb]<div class=\"ult-spacer spacer-69e75bf78276e\" data-id=\"69e75bf78276e\" data-height=\"10\" data-height-mobile=\"10\" data-height-tab=\"10\" data-height-tab-portrait=\"\" data-height-mobile-landscape=\"\" style=\"clear:both;display:block;\"><\/div>[vc_column_text]<\/p>\n<p style=\"text-align: justify;\">Formaci\u00f3n de inmersi\u00f3n total en su hotel. Redescubra los conceptos y componentes del Yield Management. Redefina toda su oferta comercial y estimule las oportunidades para aumentar las ventas.<br \/>\nFinalice la formaci\u00f3n con un plan de acci\u00f3n.<\/p>\n<p>[\/vc_column_text]<div class=\"ult-spacer spacer-69e75bf782779\" data-id=\"69e75bf782779\" data-height=\"27\" data-height-mobile=\"27\" data-height-tab=\"27\" data-height-tab-portrait=\"\" data-height-mobile-landscape=\"\" style=\"clear:both;display:block;\"><\/div><style type=\"text\/css\" data-type=\"the7_shortcodes-inline-css\">#default-btn-59a53e67459432fbe92846567a6c175c.ico-right-side > i {\n  margin-right: 0px;\n  margin-left: 8px;\n}\n#default-btn-59a53e67459432fbe92846567a6c175c > i {\n  margin-right: 8px;\n}<\/style><div class=\"btn-align-center\"><a href=\"https:\/\/pmthotels.com\/es\/contacto\/\" class=\"default-btn-shortcode dt-btn dt-btn-m fadeIn animate-element animation-builder link-hover-off full-width-btn \" id=\"default-btn-59a53e67459432fbe92846567a6c175c\" title=\"Contacto\"><span>M\u00e1s informaci\u00f3n<\/span><\/a><\/div><div class=\"ult-spacer spacer-69e75bf7827bd\" data-id=\"69e75bf7827bd\" data-height=\"50\" data-height-mobile=\"50\" data-height-tab=\"50\" data-height-tab-portrait=\"\" data-height-mobile-landscape=\"\" style=\"clear:both;display:block;\"><\/div>[\/vc_column][vc_column width=\u00bb1\/3&#8243;][vc_custom_heading text=\u00bbAyuda al rendimiento\u00bb font_container=\u00bbtag:h4|text_align:center\u00bb use_theme_fonts=\u00bbyes\u00bb]<div class=\"ult-spacer spacer-69e75bf7827c7\" data-id=\"69e75bf7827c7\" data-height=\"20\" data-height-mobile=\"20\" data-height-tab=\"20\" data-height-tab-portrait=\"\" data-height-mobile-landscape=\"\" style=\"clear:both;display:block;\"><\/div>[vc_single_image image=\u00bb4088&#8243; img_size=\u00bbfull\u00bb alignment=\u00bbcenter\u00bb]<div class=\"ult-spacer spacer-69e75bf7827d4\" data-id=\"69e75bf7827d4\" data-height=\"10\" data-height-mobile=\"10\" data-height-tab=\"10\" data-height-tab-portrait=\"\" data-height-mobile-landscape=\"\" style=\"clear:both;display:block;\"><\/div>[vc_column_text]<\/p>\n<p style=\"text-align: justify;\">Adquiera experiencia con el apoyo de Yield. A lo largo del a\u00f1o, en forma de sesiones de trabajo a distancia e in situ, PMT Hotels puede ayudarle con el an\u00e1lisis, las decisiones de precios y todos los aspectos de marketing y distribuci\u00f3n.<\/p>\n<p>[\/vc_column_text]<div class=\"ult-spacer spacer-69e75bf7827de\" data-id=\"69e75bf7827de\" data-height=\"27\" data-height-mobile=\"27\" data-height-tab=\"27\" data-height-tab-portrait=\"\" data-height-mobile-landscape=\"\" style=\"clear:both;display:block;\"><\/div><style type=\"text\/css\" data-type=\"the7_shortcodes-inline-css\">#default-btn-23b47f1096b74deabc647a7b88e82a07.ico-right-side > i {\n  margin-right: 0px;\n  margin-left: 8px;\n}\n#default-btn-23b47f1096b74deabc647a7b88e82a07 > i {\n  margin-right: 8px;\n}<\/style><div class=\"btn-align-center\"><a href=\"https:\/\/pmthotels.com\/es\/yield\/apoyo-yield-coaching\/\" class=\"default-btn-shortcode dt-btn dt-btn-m fadeIn animate-element animation-builder link-hover-off full-width-btn \" id=\"default-btn-23b47f1096b74deabc647a7b88e82a07\" title=\"Apoyo Yield & Coaching\"><span>Descubra el apoyo a los rendimientos<\/span><\/a><\/div><div class=\"ult-spacer spacer-69e75bf78281a\" data-id=\"69e75bf78281a\" data-height=\"50\" data-height-mobile=\"50\" data-height-tab=\"50\" data-height-tab-portrait=\"\" data-height-mobile-landscape=\"\" style=\"clear:both;display:block;\"><\/div>[\/vc_column][vc_column width=\u00bb1\/3&#8243;][vc_custom_heading text=\u00bbExternalizaci\u00f3n del rendimiento\u00bb font_container=\u00bbtag:h4|text_align:center\u00bb use_theme_fonts=\u00bbyes\u00bb]<div class=\"ult-spacer spacer-69e75bf782824\" data-id=\"69e75bf782824\" data-height=\"20\" data-height-mobile=\"20\" data-height-tab=\"20\" data-height-tab-portrait=\"\" data-height-mobile-landscape=\"\" style=\"clear:both;display:block;\"><\/div>[vc_single_image image=\u00bb4085&#8243; img_size=\u00bbfull\u00bb alignment=\u00bbcenter\u00bb]<div class=\"ult-spacer spacer-69e75bf78282d\" data-id=\"69e75bf78282d\" data-height=\"10\" data-height-mobile=\"10\" data-height-tab=\"10\" data-height-tab-portrait=\"\" data-height-mobile-landscape=\"\" style=\"clear:both;display:block;\"><\/div>[vc_column_text]<\/p>\n<p style=\"text-align: justify;\">Yield a distancia es una ventaja. Las ventajas: un equipo de Yield experimentado en varios mercados con una visi\u00f3n global de las tendencias futuras, apreciaci\u00f3n libre de restricciones operativas, continuidad empresarial garantizada para el propietario.<\/p>\n<p>[\/vc_column_text]<div class=\"ult-spacer spacer-69e75bf782838\" data-id=\"69e75bf782838\" data-height=\"27\" data-height-mobile=\"27\" data-height-tab=\"27\" data-height-tab-portrait=\"\" data-height-mobile-landscape=\"\" style=\"clear:both;display:block;\"><\/div><style type=\"text\/css\" data-type=\"the7_shortcodes-inline-css\">#default-btn-6d051efd22e9eb9be85b8815b58be169.ico-right-side > i {\n  margin-right: 0px;\n  margin-left: 8px;\n}\n#default-btn-6d051efd22e9eb9be85b8815b58be169 > i {\n  margin-right: 8px;\n}<\/style><div class=\"btn-align-center\"><a href=\"https:\/\/pmthotels.com\/es\/yield\/externalizacion-del-rendimiento\/\" class=\"default-btn-shortcode dt-btn dt-btn-m fadeIn animate-element animation-builder link-hover-off full-width-btn \" id=\"default-btn-6d051efd22e9eb9be85b8815b58be169\" title=\"Externalizacion del rendimiento\"><span>Descubra la externalizaci\u00f3n del rendimiento<\/span><\/a><\/div><div class=\"ult-spacer spacer-69e75bf782872\" data-id=\"69e75bf782872\" data-height=\"50\" data-height-mobile=\"50\" data-height-tab=\"50\" data-height-tab-portrait=\"\" data-height-mobile-landscape=\"\" style=\"clear:both;display:block;\"><\/div>[\/vc_column][\/vc_row][vc_row full_width=\u00bbstretch_row\u00bb css=\u00bb.vc_custom_1602623499126{background-color: #f4f4f4 !important;}\u00bb][vc_column width=\u00bb1\/3&#8243;][vc_custom_heading text=\u00bbGrupos hoteleros\u00bb font_container=\u00bbtag:h4|text_align:center\u00bb use_theme_fonts=\u00bbyes\u00bb]<div class=\"ult-spacer spacer-69e75bf78287c\" data-id=\"69e75bf78287c\" data-height=\"20\" data-height-mobile=\"20\" data-height-tab=\"20\" data-height-tab-portrait=\"\" data-height-mobile-landscape=\"\" style=\"clear:both;display:block;\"><\/div>[vc_single_image image=\u00bb4110&#8243; img_size=\u00bbfull\u00bb alignment=\u00bbcenter\u00bb]<div class=\"ult-spacer spacer-69e75bf782885\" data-id=\"69e75bf782885\" data-height=\"10\" data-height-mobile=\"10\" data-height-tab=\"10\" data-height-tab-portrait=\"\" data-height-mobile-landscape=\"\" style=\"clear:both;display:block;\"><\/div>[vc_column_text]<\/p>\n<p style=\"text-align: justify;\">Ya sea para formaci\u00f3n, coaching o externalizaci\u00f3n de Yield, cons\u00faltenos para proporcionar apoyo y experiencia a su Group Revenue Manager o para cada hotel. PMT Hotels ofrece asesoramiento, despliega estrategias para todo el grupo y garantiza la continuidad del negocio para el propietario.<\/p>\n<p>[\/vc_column_text]<style type=\"text\/css\" data-type=\"the7_shortcodes-inline-css\">#default-btn-59a53e67459432fbe92846567a6c175c.ico-right-side > i {\n  margin-right: 0px;\n  margin-left: 8px;\n}\n#default-btn-59a53e67459432fbe92846567a6c175c > i {\n  margin-right: 8px;\n}<\/style><div class=\"btn-align-center\"><a href=\"https:\/\/pmthotels.com\/es\/contacto\/\" class=\"default-btn-shortcode dt-btn dt-btn-m fadeIn animate-element animation-builder link-hover-off full-width-btn \" id=\"default-btn-59a53e67459432fbe92846567a6c175c\" title=\"Contacto\"><span>Cont\u00e1ctenos para una oferta a medida<\/span><\/a><\/div><div class=\"ult-spacer spacer-69e75bf7828bd\" data-id=\"69e75bf7828bd\" data-height=\"50\" data-height-mobile=\"50\" data-height-tab=\"50\" data-height-tab-portrait=\"\" data-height-mobile-landscape=\"\" style=\"clear:both;display:block;\"><\/div>[\/vc_column][vc_column width=\u00bb1\/3&#8243;][vc_custom_heading text=\u00bb2 modelos de remuneraci\u00f3n\u00bb font_container=\u00bbtag:h4|text_align:center\u00bb use_theme_fonts=\u00bbyes\u00bb]<div class=\"ult-spacer spacer-69e75bf7828c7\" data-id=\"69e75bf7828c7\" data-height=\"20\" data-height-mobile=\"20\" data-height-tab=\"20\" data-height-tab-portrait=\"\" data-height-mobile-landscape=\"\" style=\"clear:both;display:block;\"><\/div>[vc_single_image image=\u00bb4107&#8243; img_size=\u00bbfull\u00bb alignment=\u00bbcenter\u00bb]<div class=\"ult-spacer spacer-69e75bf7828d0\" data-id=\"69e75bf7828d0\" data-height=\"10\" data-height-mobile=\"10\" data-height-tab=\"10\" data-height-tab-portrait=\"\" data-height-mobile-landscape=\"\" style=\"clear:both;display:block;\"><\/div>[vc_column_text]<\/p>\n<p style=\"text-align: justify;\">\u00bfTarifa fija para un presupuesto controlado o Success Fees, s\u00f3lo si PMT Hotels desarrolla la facturaci\u00f3n del hotel?<br \/>\n\u00a1Usted elige la opci\u00f3n que m\u00e1s le convenga!<\/p>\n<p>[\/vc_column_text]<div class=\"ult-spacer spacer-69e75bf7828d9\" data-id=\"69e75bf7828d9\" data-height=\"55\" data-height-mobile=\"55\" data-height-tab=\"55\" data-height-tab-portrait=\"\" data-height-mobile-landscape=\"\" style=\"clear:both;display:block;\"><\/div><style type=\"text\/css\" data-type=\"the7_shortcodes-inline-css\">#default-btn-59a53e67459432fbe92846567a6c175c.ico-right-side > i {\n  margin-right: 0px;\n  margin-left: 8px;\n}\n#default-btn-59a53e67459432fbe92846567a6c175c > i {\n  margin-right: 8px;\n}<\/style><div class=\"btn-align-center\"><a href=\"https:\/\/pmthotels.com\/es\/contacto\/\" class=\"default-btn-shortcode dt-btn dt-btn-m fadeIn animate-element animation-builder link-hover-off full-width-btn \" id=\"default-btn-59a53e67459432fbe92846567a6c175c\" title=\"Contacto\"><span>M\u00e1s informaci\u00f3n<\/span><\/a><\/div><div class=\"ult-spacer spacer-69e75bf782912\" data-id=\"69e75bf782912\" data-height=\"50\" data-height-mobile=\"50\" data-height-tab=\"50\" data-height-tab-portrait=\"\" data-height-mobile-landscape=\"\" style=\"clear:both;display:block;\"><\/div>[\/vc_column][vc_column width=\u00bb1\/3&#8243;][\/vc_column][\/vc_row][vc_row full_width=\u00bbstretch_row\u00bb][vc_column]<div class=\"ult-spacer spacer-69e75bf78291b\" data-id=\"69e75bf78291b\" data-height=\"50\" data-height-mobile=\"50\" data-height-tab=\"50\" data-height-tab-portrait=\"\" data-height-mobile-landscape=\"\" style=\"clear:both;display:block;\"><\/div>[vc_custom_heading text=\u00bbHoteles PMT consultados en la prensa francesa\u00bb font_container=\u00bbtag:h2|text_align:center\u00bb use_theme_fonts=\u00bbyes\u00bb]<div class=\"ult-spacer spacer-69e75bf782923\" data-id=\"69e75bf782923\" data-height=\"44\" data-height-mobile=\"44\" data-height-tab=\"44\" data-height-tab-portrait=\"\" data-height-mobile-landscape=\"\" style=\"clear:both;display:block;\"><\/div>[\/vc_column][\/vc_row][vc_row][vc_column width=\u00bb1\/3&#8243;][vc_single_image image=\u00bb4130&#8243; img_size=\u00bbfull\u00bb alignment=\u00bbright\u00bb style=\u00bbvc_box_rounded\u00bb][\/vc_column][vc_column width=\u00bb1\/3&#8243;][vc_single_image image=\u00bb4127&#8243; img_size=\u00bbfull\u00bb alignment=\u00bbright\u00bb style=\u00bbvc_box_rounded\u00bb][\/vc_column][vc_column width=\u00bb1\/3&#8243;][vc_single_image image=\u00bb4124&#8243; img_size=\u00bbfull\u00bb alignment=\u00bbright\u00bb style=\u00bbvc_box_rounded\u00bb][\/vc_column][\/vc_row]<\/p>\n<\/div>","protected":false},"excerpt":{"rendered":"<p>[vc_row full_width=\u00bbstretch_row\u00bb css=\u00bb.vc_custom_1704388132314{background-image: url(https:\/\/pmthotels.com\/wp-content\/uploads\/2010\/01\/pmthotels-hotel-marketing.jpg?id=2661) !important;background-position: center !important;background-repeat: no-repeat !important;background-size: cover !important;}\u00bb][vc_column][vc_custom_heading source=\u00bbpost_title\u00bb font_container=\u00bbtag:h1|text_align:left\u00bb use_theme_fonts=\u00bbyes\u00bb][vc_custom_heading text=\u00bbLlevar la rienda de su hotel\u00bb font_container=\u00bbtag:h3|text_align:left\u00bb use_theme_fonts=\u00bbyes\u00bb][\/vc_column][\/vc_row][vc_row full_width=\u00bbstretch_row\u00bb css=\u00bb.vc_custom_1602623499126{background-color: #f4f4f4 !important;}\u00bb][vc_column width=\u00bb1\/3&#8243;][vc_text_separator title=\u00bbTodas nuestras soluciones\u00bb color=\u00bbblack\u00bb][\/vc_column][vc_column width=\u00bb2\/3&#8243;][vc_custom_heading text=\u00bbNueva herramienta Yield, el mismo ADN de alto rendimiento\u00bb font_container=\u00bbtag:h4|text_align:center\u00bb use_theme_fonts=\u00bbyes\u00bb][vc_column_text] \u00a1Tras m\u00e1s de 10 a\u00f1os de desarrollo, integraci\u00f3n de nuevas funciones y&hellip;<\/p>\n","protected":false},"author":1,"featured_media":0,"parent":5722,"menu_order":3,"comment_status":"closed","ping_status":"closed","template":"","meta":{"om_disable_all_campaigns":false,"footnotes":""},"class_list":["post-5725","page","type-page","status-publish","hentry","description-off"],"aioseo_notices":[],"_links":{"self":[{"href":"https:\/\/pmthotels.com\/es\/wp-json\/wp\/v2\/pages\/5725"}],"collection":[{"href":"https:\/\/pmthotels.com\/es\/wp-json\/wp\/v2\/pages"}],"about":[{"href":"https:\/\/pmthotels.com\/es\/wp-json\/wp\/v2\/types\/page"}],"author":[{"embeddable":true,"href":"https:\/\/pmthotels.com\/es\/wp-json\/wp\/v2\/users\/1"}],"replies":[{"embeddable":true,"href":"https:\/\/pmthotels.com\/es\/wp-json\/wp\/v2\/comments?post=5725"}],"version-history":[{"count":10,"href":"https:\/\/pmthotels.com\/es\/wp-json\/wp\/v2\/pages\/5725\/revisions"}],"predecessor-version":[{"id":5768,"href":"https:\/\/pmthotels.com\/es\/wp-json\/wp\/v2\/pages\/5725\/revisions\/5768"}],"up":[{"embeddable":true,"href":"https:\/\/pmthotels.com\/es\/wp-json\/wp\/v2\/pages\/5722"}],"wp:attachment":[{"href":"https:\/\/pmthotels.com\/es\/wp-json\/wp\/v2\/media?parent=5725"}],"curies":[{"name":"wp","href":"https:\/\/api.w.org\/{rel}","templated":true}]}}