{"id":5705,"date":"2024-01-25T22:36:51","date_gmt":"2024-01-25T21:36:51","guid":{"rendered":"https:\/\/pmthotels.com\/?page_id=5705"},"modified":"2024-01-26T15:11:21","modified_gmt":"2024-01-26T14:11:21","slug":"yield-yield-management","status":"publish","type":"page","link":"https:\/\/pmthotels.com\/es\/yield\/yield-yield-management\/","title":{"rendered":"Conocimientos t\u00e9cnicos en Yield"},"content":{"rendered":"<div class=\"wpb-content-wrapper\"><p>[vc_row full_width=\u00bbstretch_row\u00bb css=\u00bb.vc_custom_1704388717275{background-image: url(https:\/\/pmthotels.com\/wp-content\/uploads\/2010\/01\/pmthotels-hotel-marketing.jpg?id=2661) !important;background-position: center !important;background-repeat: no-repeat !important;background-size: cover !important;}\u00bb][vc_column]<div class=\"ult-spacer spacer-69e75b903285d\" data-id=\"69e75b903285d\" data-height=\"120\" data-height-mobile=\"120\" data-height-tab=\"120\" data-height-tab-portrait=\"\" data-height-mobile-landscape=\"\" style=\"clear:both;display:block;\"><\/div>[vc_custom_heading source=\u00bbpost_title\u00bb font_container=\u00bbtag:h1|text_align:left\u00bb use_theme_fonts=\u00bbyes\u00bb][vc_custom_heading text=\u00bbSoluciones Yield Management\u00bb font_container=\u00bbtag:h3|text_align:left\u00bb use_theme_fonts=\u00bbyes\u00bb]<div class=\"ult-spacer spacer-69e75b903287f\" data-id=\"69e75b903287f\" data-height=\"90\" data-height-mobile=\"90\" data-height-tab=\"90\" data-height-tab-portrait=\"\" data-height-mobile-landscape=\"\" style=\"clear:both;display:block;\"><\/div>[\/vc_column][\/vc_row][vc_row full_width=\u00bbstretch_row\u00bb][vc_column width=\u00bb1\/3&#8243;]<div class=\"ult-spacer spacer-69e75b9032891\" data-id=\"69e75b9032891\" data-height=\"30\" data-height-mobile=\"30\" data-height-tab=\"30\" data-height-tab-portrait=\"\" data-height-mobile-landscape=\"\" style=\"clear:both;display:block;\"><\/div>[vc_text_separator title=\u00bbTodas nuestras soluciones\u00bb color=\u00bbblack\u00bb]<div class=\"ult-spacer spacer-69e75b903289f\" data-id=\"69e75b903289f\" data-height=\"20\" data-height-mobile=\"20\" data-height-tab=\"20\" data-height-tab-portrait=\"\" data-height-mobile-landscape=\"\" style=\"clear:both;display:block;\"><\/div><style type=\"text\/css\" data-type=\"the7_shortcodes-inline-css\">#default-btn-e7aabcdcd23895997a85ea9c74285ba4.ico-right-side > i {\n  margin-right: 0px;\n  margin-left: 8px;\n}\n#default-btn-e7aabcdcd23895997a85ea9c74285ba4 > i {\n  margin-right: 8px;\n}<\/style><div class=\"btn-align-center\"><a href=\"https:\/\/pmthotels.com\/es\/yield\/yield-puesta-en-marcha-del-yied\/\" class=\"default-btn-shortcode dt-btn dt-btn-m fadeIn animate-element animation-builder link-hover-off full-width-btn \" id=\"default-btn-e7aabcdcd23895997a85ea9c74285ba4\" title=\"Puesta en marcha del Yield\"><span>Puesta en marcha del Yield<\/span><\/a><\/div><div class=\"ult-spacer spacer-69e75b90329c4\" data-id=\"69e75b90329c4\" data-height=\"20\" data-height-mobile=\"20\" data-height-tab=\"20\" data-height-tab-portrait=\"\" data-height-mobile-landscape=\"\" style=\"clear:both;display:block;\"><\/div><style type=\"text\/css\" data-type=\"the7_shortcodes-inline-css\">#default-btn-29232c4756cb0d8ee1a17a7e7dc4aedc.ico-right-side > i {\n  margin-right: 0px;\n  margin-left: 8px;\n}\n#default-btn-29232c4756cb0d8ee1a17a7e7dc4aedc > i {\n  margin-right: 8px;\n}<\/style><div class=\"btn-align-center\"><a href=\"https:\/\/pmthotels.com\/es\/yield\/yield-herramienta\/\" class=\"default-btn-shortcode dt-btn dt-btn-m fadeIn animate-element animation-builder link-hover-off full-width-btn \" id=\"default-btn-29232c4756cb0d8ee1a17a7e7dc4aedc\" title=\"La herramienta Yield\"><span>La herramienta Yield<\/span><\/a><\/div><div class=\"ult-spacer spacer-69e75b9032a32\" data-id=\"69e75b9032a32\" data-height=\"20\" data-height-mobile=\"20\" data-height-tab=\"20\" data-height-tab-portrait=\"\" data-height-mobile-landscape=\"\" style=\"clear:both;display:block;\"><\/div><style type=\"text\/css\" data-type=\"the7_shortcodes-inline-css\">#default-btn-23b47f1096b74deabc647a7b88e82a07.ico-right-side > i {\n  margin-right: 0px;\n  margin-left: 8px;\n}\n#default-btn-23b47f1096b74deabc647a7b88e82a07 > i {\n  margin-right: 8px;\n}<\/style><div class=\"btn-align-center\"><a href=\"https:\/\/pmthotels.com\/es\/yield\/apoyo-yield-coaching\/\" class=\"default-btn-shortcode dt-btn dt-btn-m fadeIn animate-element animation-builder link-hover-off full-width-btn \" id=\"default-btn-23b47f1096b74deabc647a7b88e82a07\" title=\"Apoyo Yield & Coaching\"><span>Apoyo Yield &amp; Coaching<\/span><\/a><\/div><div class=\"ult-spacer spacer-69e75b9032a7d\" data-id=\"69e75b9032a7d\" data-height=\"20\" data-height-mobile=\"20\" data-height-tab=\"20\" data-height-tab-portrait=\"\" data-height-mobile-landscape=\"\" style=\"clear:both;display:block;\"><\/div><style type=\"text\/css\" data-type=\"the7_shortcodes-inline-css\">#default-btn-6d051efd22e9eb9be85b8815b58be169.ico-right-side > i {\n  margin-right: 0px;\n  margin-left: 8px;\n}\n#default-btn-6d051efd22e9eb9be85b8815b58be169 > i {\n  margin-right: 8px;\n}<\/style><div class=\"btn-align-center\"><a href=\"https:\/\/pmthotels.com\/es\/yield\/externalizacion-del-rendimiento\/\" class=\"default-btn-shortcode dt-btn dt-btn-m fadeIn animate-element animation-builder link-hover-off full-width-btn \" id=\"default-btn-6d051efd22e9eb9be85b8815b58be169\" title=\"Externalizacion del rendimiento\"><span>Externalizacion del rendimiento<\/span><\/a><\/div><div class=\"ult-spacer spacer-69e75b9032ac2\" data-id=\"69e75b9032ac2\" data-height=\"20\" data-height-mobile=\"20\" data-height-tab=\"20\" data-height-tab-portrait=\"\" data-height-mobile-landscape=\"\" style=\"clear:both;display:block;\"><\/div>[\/vc_column][vc_column width=\u00bb2\/3&#8243;]<div class=\"ult-spacer spacer-69e75b9032ace\" data-id=\"69e75b9032ace\" data-height=\"20\" data-height-mobile=\"20\" data-height-tab=\"20\" data-height-tab-portrait=\"\" data-height-mobile-landscape=\"\" style=\"clear:both;display:block;\"><\/div>[vc_custom_heading text=\u00bbEl Yield Management o Revenue Management,<br \/>\nuna estrategia para ganar su sitio en el mercado!\u00bb font_container=\u00bbtag:h4|text_align:center\u00bb use_theme_fonts=\u00bbyes\u00bb]<div class=\"ult-spacer spacer-69e75b9032ad9\" data-id=\"69e75b9032ad9\" data-height=\"20\" data-height-mobile=\"20\" data-height-tab=\"20\" data-height-tab-portrait=\"\" data-height-mobile-landscape=\"\" style=\"clear:both;display:block;\"><\/div>[vc_column_text]<\/p>\n<p style=\"text-align: justify;\">Con el desarrollo del comercio electr\u00f3nico &#8211; la industria del viaje representa el primer sector en volumen de negocio en el mundo &#8211; la multiplicaci\u00f3n de las redes de distribuci\u00f3n, y el incremento de la oferta. E<strong>l yield Management aparece hoy en\u00a0d\u00eda\u00a0como esencial\u00a0<\/strong>as\u00ed\u00a0como su\u00a0presencia\u00a0en el mundo aeron\u00e1utico para <strong>captar clientela<\/strong>.<\/p>\n<p style=\"text-align: justify;\">\u00abAs\u00ed no puede arriesgarse tener\u00a0un precio elevado en el mercado. Siempre hay que ser competitivo con los concurrentes.\u00bb<\/p>\n<p style=\"text-align: justify;\">PMT Hotels ha sabido desarrollar su experiencia en Yield Management, apostando por estrategias de Yield Management en numerosos hoteles, desarrollando sus propias herramientas Yield o participando a la puesta en marcha de los programas inform\u00e1ticos desarrollados en\u00a0Revenue Managements (IdeaS, EasyRMS&#8230;).<\/p>\n<p style=\"text-align: justify;\">Nuestra meta es poner en marcha una estrategia Yield Management con\u00a0<strong>herramientas Yield apropiadas\u00a0seg\u00fan\u00a0las diferentes necesidades del hotel.\u00a0<\/strong>\u00a0Preconizamos un <strong>Yield razonable<\/strong> (sin excesos) y\u00a0emprendemos<strong>\u00a0la\u00a0afiliaci\u00f3n\u00a0del conjunto de los departamentos del hotel<\/strong>\u00a0al concepto del Yield. De tal modo, el Revenue Manager no trabaja ni, en contra del\u00a0servicio comercial ni, en contra de la recepci\u00f3n pero en conjunto. Ademas les permitir\u00e1 trabajar mano a mano con el departamento de ventas para ajustas las fechas de acciones tales como env\u00edos de emailing.<\/p>\n<p>[\/vc_column_text]<div class=\"ult-spacer spacer-69e75b9032ae5\" data-id=\"69e75b9032ae5\" data-height=\"20\" data-height-mobile=\"20\" data-height-tab=\"20\" data-height-tab-portrait=\"\" data-height-mobile-landscape=\"\" style=\"clear:both;display:block;\"><\/div>[\/vc_column][\/vc_row][vc_row full_width=\u00bbstretch_row_content\u00bb css=\u00bb.vc_custom_1614264464865{background-color: #f4f4f4 !important;}\u00bb][vc_column]<div class=\"ult-spacer spacer-69e75b9032af2\" data-id=\"69e75b9032af2\" data-height=\"20\" data-height-mobile=\"20\" data-height-tab=\"20\" data-height-tab-portrait=\"\" data-height-mobile-landscape=\"\" style=\"clear:both;display:block;\"><\/div>[vc_separator color=\u00bbcustom\u00bb accent_color=\u00bb#e42f24&#8243;]<div class=\"ult-spacer spacer-69e75b9032afd\" data-id=\"69e75b9032afd\" data-height=\"20\" data-height-mobile=\"20\" data-height-tab=\"20\" data-height-tab-portrait=\"\" data-height-mobile-landscape=\"\" style=\"clear:both;display:block;\"><\/div>[vc_custom_heading text=\u00bbF\u00f3rmulas de Yield Management para aumentar su rentabilidad\u00bb font_container=\u00bbtag:h2|text_align:center\u00bb use_theme_fonts=\u00bbyes\u00bb]<div class=\"ult-spacer spacer-69e75b9032b09\" data-id=\"69e75b9032b09\" data-height=\"40\" data-height-mobile=\"40\" data-height-tab=\"40\" data-height-tab-portrait=\"\" data-height-mobile-landscape=\"\" style=\"clear:both;display:block;\"><\/div>[vc_separator color=\u00bbcustom\u00bb accent_color=\u00bb#e42f24&#8243;][\/vc_column][\/vc_row][vc_row full_width=\u00bbstretch_row\u00bb css=\u00bb.vc_custom_1602623499126{background-color: #f4f4f4 !important;}\u00bb][vc_column width=\u00bb1\/3&#8243;][vc_custom_heading text=\u00bbFormaci\u00f3n sobre rendimiento\u00bb font_container=\u00bbtag:h4|text_align:center\u00bb use_theme_fonts=\u00bbyes\u00bb]<div class=\"ult-spacer spacer-69e75b9032b14\" data-id=\"69e75b9032b14\" data-height=\"20\" data-height-mobile=\"20\" data-height-tab=\"20\" data-height-tab-portrait=\"\" data-height-mobile-landscape=\"\" style=\"clear:both;display:block;\"><\/div>[vc_single_image image=\u00bb4091&#8243; img_size=\u00bbfull\u00bb alignment=\u00bbcenter\u00bb]<div class=\"ult-spacer spacer-69e75b9032b1e\" data-id=\"69e75b9032b1e\" data-height=\"10\" data-height-mobile=\"10\" data-height-tab=\"10\" data-height-tab-portrait=\"\" data-height-mobile-landscape=\"\" style=\"clear:both;display:block;\"><\/div>[vc_column_text]<\/p>\n<p style=\"text-align: justify;\">Formaci\u00f3n de inmersi\u00f3n total en su hotel. Redescubra los conceptos y componentes del Yield Management. Redefina toda su oferta comercial y estimule las oportunidades para aumentar las ventas.<br \/>\nFinalice la formaci\u00f3n con un plan de acci\u00f3n.<\/p>\n<p>[\/vc_column_text]<div class=\"ult-spacer spacer-69e75b9032b29\" data-id=\"69e75b9032b29\" data-height=\"27\" data-height-mobile=\"27\" data-height-tab=\"27\" data-height-tab-portrait=\"\" data-height-mobile-landscape=\"\" style=\"clear:both;display:block;\"><\/div><style type=\"text\/css\" data-type=\"the7_shortcodes-inline-css\">#default-btn-59a53e67459432fbe92846567a6c175c.ico-right-side > i {\n  margin-right: 0px;\n  margin-left: 8px;\n}\n#default-btn-59a53e67459432fbe92846567a6c175c > i {\n  margin-right: 8px;\n}<\/style><div class=\"btn-align-center\"><a href=\"https:\/\/pmthotels.com\/es\/contacto\/\" class=\"default-btn-shortcode dt-btn dt-btn-m fadeIn animate-element animation-builder link-hover-off full-width-btn \" id=\"default-btn-59a53e67459432fbe92846567a6c175c\" title=\"Contacto\"><span>M\u00e1s informaci\u00f3n<\/span><\/a><\/div>[\/vc_column][vc_column width=\u00bb1\/3&#8243;][vc_custom_heading text=\u00bbAyuda al rendimiento\u00bb font_container=\u00bbtag:h4|text_align:center\u00bb use_theme_fonts=\u00bbyes\u00bb]<div class=\"ult-spacer spacer-69e75b9032b67\" data-id=\"69e75b9032b67\" data-height=\"20\" data-height-mobile=\"20\" data-height-tab=\"20\" data-height-tab-portrait=\"\" data-height-mobile-landscape=\"\" style=\"clear:both;display:block;\"><\/div>[vc_single_image image=\u00bb4088&#8243; img_size=\u00bbfull\u00bb alignment=\u00bbcenter\u00bb]<div class=\"ult-spacer spacer-69e75b9032b71\" data-id=\"69e75b9032b71\" data-height=\"10\" data-height-mobile=\"10\" data-height-tab=\"10\" data-height-tab-portrait=\"\" data-height-mobile-landscape=\"\" style=\"clear:both;display:block;\"><\/div>[vc_column_text]<\/p>\n<p style=\"text-align: justify;\">Adquiera experiencia con el apoyo de Yield. A lo largo del a\u00f1o, en forma de sesiones de trabajo a distancia e in situ, PMT Hotels puede ayudarle con el an\u00e1lisis, las decisiones de precios y todos los aspectos de marketing y distribuci\u00f3n.<\/p>\n<p>[\/vc_column_text]<div class=\"ult-spacer spacer-69e75b9032b7b\" data-id=\"69e75b9032b7b\" data-height=\"27\" data-height-mobile=\"27\" data-height-tab=\"27\" data-height-tab-portrait=\"\" data-height-mobile-landscape=\"\" style=\"clear:both;display:block;\"><\/div><style type=\"text\/css\" data-type=\"the7_shortcodes-inline-css\">#default-btn-23b47f1096b74deabc647a7b88e82a07.ico-right-side > i {\n  margin-right: 0px;\n  margin-left: 8px;\n}\n#default-btn-23b47f1096b74deabc647a7b88e82a07 > i {\n  margin-right: 8px;\n}<\/style><div class=\"btn-align-center\"><a href=\"https:\/\/pmthotels.com\/es\/yield\/apoyo-yield-coaching\/\" class=\"default-btn-shortcode dt-btn dt-btn-m fadeIn animate-element animation-builder link-hover-off full-width-btn \" id=\"default-btn-23b47f1096b74deabc647a7b88e82a07\" title=\"Apoyo Yield & Coaching\"><span>Descubra el apoyo a los rendimientos<\/span><\/a><\/div>[\/vc_column][vc_column width=\u00bb1\/3&#8243;][vc_custom_heading text=\u00bbExternalizaci\u00f3n del rendimiento\u00bb font_container=\u00bbtag:h4|text_align:center\u00bb use_theme_fonts=\u00bbyes\u00bb]<div class=\"ult-spacer spacer-69e75b9032bb7\" data-id=\"69e75b9032bb7\" data-height=\"20\" data-height-mobile=\"20\" data-height-tab=\"20\" data-height-tab-portrait=\"\" data-height-mobile-landscape=\"\" style=\"clear:both;display:block;\"><\/div>[vc_single_image image=\u00bb4085&#8243; img_size=\u00bbfull\u00bb alignment=\u00bbcenter\u00bb]<div class=\"ult-spacer spacer-69e75b9032bc1\" data-id=\"69e75b9032bc1\" data-height=\"10\" data-height-mobile=\"10\" data-height-tab=\"10\" data-height-tab-portrait=\"\" data-height-mobile-landscape=\"\" style=\"clear:both;display:block;\"><\/div>[vc_column_text]<\/p>\n<p style=\"text-align: justify;\">Yield a distancia es una ventaja. Las ventajas: un equipo de Yield experimentado en varios mercados con una visi\u00f3n global de las tendencias futuras, apreciaci\u00f3n libre de restricciones operativas, continuidad empresarial garantizada para el propietario.<\/p>\n<p>[\/vc_column_text]<div class=\"ult-spacer spacer-69e75b9032bcb\" data-id=\"69e75b9032bcb\" data-height=\"27\" data-height-mobile=\"27\" data-height-tab=\"27\" data-height-tab-portrait=\"\" data-height-mobile-landscape=\"\" style=\"clear:both;display:block;\"><\/div><style type=\"text\/css\" data-type=\"the7_shortcodes-inline-css\">#default-btn-6d051efd22e9eb9be85b8815b58be169.ico-right-side > i {\n  margin-right: 0px;\n  margin-left: 8px;\n}\n#default-btn-6d051efd22e9eb9be85b8815b58be169 > i {\n  margin-right: 8px;\n}<\/style><div class=\"btn-align-center\"><a href=\"https:\/\/pmthotels.com\/es\/yield\/externalizacion-del-rendimiento\/\" class=\"default-btn-shortcode dt-btn dt-btn-m fadeIn animate-element animation-builder link-hover-off full-width-btn \" id=\"default-btn-6d051efd22e9eb9be85b8815b58be169\" title=\"Externalizacion del rendimiento\"><span>Descubra la externalizaci\u00f3n del rendimiento<\/span><\/a><\/div>[\/vc_column][\/vc_row][vc_row full_width=\u00bbstretch_row\u00bb css=\u00bb.vc_custom_1602623499126{background-color: #f4f4f4 !important;}\u00bb][vc_column width=\u00bb1\/3&#8243;][vc_custom_heading text=\u00bbLa herramienta Rendimiento\u00bb font_container=\u00bbtag:h4|text_align:center\u00bb use_theme_fonts=\u00bbyes\u00bb]<div class=\"ult-spacer spacer-69e75b9032c15\" data-id=\"69e75b9032c15\" data-height=\"20\" data-height-mobile=\"20\" data-height-tab=\"20\" data-height-tab-portrait=\"\" data-height-mobile-landscape=\"\" style=\"clear:both;display:block;\"><\/div>[vc_single_image image=\u00bb4135&#8243; img_size=\u00bbfull\u00bb alignment=\u00bbcenter\u00bb]<div class=\"ult-spacer spacer-69e75b9032c26\" data-id=\"69e75b9032c26\" data-height=\"10\" data-height-mobile=\"10\" data-height-tab=\"10\" data-height-tab-portrait=\"\" data-height-mobile-landscape=\"\" style=\"clear:both;display:block;\"><\/div>[vc_column_text]<\/p>\n<p style=\"text-align: justify;\">Construya su base de datos estad\u00edstica esencial para el Yield Management con la herramienta Yield desarrollada por PMT Hotels. Es f\u00e1cil de usar y flexible a sus necesidades. Gestione sus ramp-ups con mayor anticipaci\u00f3n y controle sus objetivos con mayor visibilidad.<\/p>\n<p>[\/vc_column_text]<style type=\"text\/css\" data-type=\"the7_shortcodes-inline-css\">#default-btn-29232c4756cb0d8ee1a17a7e7dc4aedc.ico-right-side > i {\n  margin-right: 0px;\n  margin-left: 8px;\n}\n#default-btn-29232c4756cb0d8ee1a17a7e7dc4aedc > i {\n  margin-right: 8px;\n}<\/style><div class=\"btn-align-center\"><a href=\"https:\/\/pmthotels.com\/es\/yield\/yield-herramienta\/\" class=\"default-btn-shortcode dt-btn dt-btn-m fadeIn animate-element animation-builder link-hover-off full-width-btn \" id=\"default-btn-29232c4756cb0d8ee1a17a7e7dc4aedc\" title=\"La herramienta Yield\"><span>Descubra la nueva herramienta Rendimiento<\/span><\/a><\/div><div class=\"ult-spacer spacer-69e75b9032c71\" data-id=\"69e75b9032c71\" data-height=\"50\" data-height-mobile=\"50\" data-height-tab=\"50\" data-height-tab-portrait=\"\" data-height-mobile-landscape=\"\" style=\"clear:both;display:block;\"><\/div>[\/vc_column][vc_column width=\u00bb1\/3&#8243;][vc_custom_heading text=\u00bbSoluciones para grupos hoteleros\u00bb font_container=\u00bbtag:h4|text_align:center\u00bb use_theme_fonts=\u00bbyes\u00bb]<div class=\"ult-spacer spacer-69e75b9032c7b\" data-id=\"69e75b9032c7b\" data-height=\"20\" data-height-mobile=\"20\" data-height-tab=\"20\" data-height-tab-portrait=\"\" data-height-mobile-landscape=\"\" style=\"clear:both;display:block;\"><\/div>[vc_single_image image=\u00bb4110&#8243; img_size=\u00bbfull\u00bb alignment=\u00bbcenter\u00bb]<div class=\"ult-spacer spacer-69e75b9032c85\" data-id=\"69e75b9032c85\" data-height=\"10\" data-height-mobile=\"10\" data-height-tab=\"10\" data-height-tab-portrait=\"\" data-height-mobile-landscape=\"\" style=\"clear:both;display:block;\"><\/div>[vc_column_text]<\/p>\n<p style=\"text-align: justify;\">Ya sea para formaci\u00f3n, coaching o externalizaci\u00f3n de Yield, cons\u00faltenos para proporcionar apoyo y experiencia a su Group Revenue Manager o para cada hotel. PMT Hotels ofrece asesoramiento, despliega estrategias para todo el grupo y garantiza la continuidad del negocio para el propietario.<\/p>\n<p>[\/vc_column_text]<style type=\"text\/css\" data-type=\"the7_shortcodes-inline-css\">#default-btn-59a53e67459432fbe92846567a6c175c.ico-right-side > i {\n  margin-right: 0px;\n  margin-left: 8px;\n}\n#default-btn-59a53e67459432fbe92846567a6c175c > i {\n  margin-right: 8px;\n}<\/style><div class=\"btn-align-center\"><a href=\"https:\/\/pmthotels.com\/es\/contacto\/\" class=\"default-btn-shortcode dt-btn dt-btn-m fadeIn animate-element animation-builder link-hover-off full-width-btn \" id=\"default-btn-59a53e67459432fbe92846567a6c175c\" title=\"Contacto\"><span>Cont\u00e1ctenos para una oferta a medida<\/span><\/a><\/div><div class=\"ult-spacer spacer-69e75b9032cbf\" data-id=\"69e75b9032cbf\" data-height=\"50\" data-height-mobile=\"50\" data-height-tab=\"50\" data-height-tab-portrait=\"\" data-height-mobile-landscape=\"\" style=\"clear:both;display:block;\"><\/div>[\/vc_column][vc_column width=\u00bb1\/3&#8243;][vc_custom_heading text=\u00bb2 modelos de remuneraci\u00f3n\u00bb font_container=\u00bbtag:h4|text_align:center\u00bb use_theme_fonts=\u00bbyes\u00bb]<div class=\"ult-spacer spacer-69e75b9032cc8\" data-id=\"69e75b9032cc8\" data-height=\"20\" data-height-mobile=\"20\" data-height-tab=\"20\" data-height-tab-portrait=\"\" data-height-mobile-landscape=\"\" style=\"clear:both;display:block;\"><\/div>[vc_single_image image=\u00bb4107&#8243; img_size=\u00bbfull\u00bb alignment=\u00bbcenter\u00bb]<div class=\"ult-spacer spacer-69e75b9032cd1\" data-id=\"69e75b9032cd1\" data-height=\"10\" data-height-mobile=\"10\" data-height-tab=\"10\" data-height-tab-portrait=\"\" data-height-mobile-landscape=\"\" style=\"clear:both;display:block;\"><\/div>[vc_column_text]<\/p>\n<p style=\"text-align: justify;\">\u00bfTarifa fija para un presupuesto controlado o Success Fees, s\u00f3lo si PMT Hotels desarrolla la facturaci\u00f3n del hotel?<br \/>\n\u00a1Usted elige la opci\u00f3n que m\u00e1s le convenga!<\/p>\n<p>[\/vc_column_text]<div class=\"ult-spacer spacer-69e75b9032cda\" data-id=\"69e75b9032cda\" data-height=\"55\" data-height-mobile=\"55\" data-height-tab=\"55\" data-height-tab-portrait=\"\" data-height-mobile-landscape=\"\" style=\"clear:both;display:block;\"><\/div><style type=\"text\/css\" data-type=\"the7_shortcodes-inline-css\">#default-btn-59a53e67459432fbe92846567a6c175c.ico-right-side > i {\n  margin-right: 0px;\n  margin-left: 8px;\n}\n#default-btn-59a53e67459432fbe92846567a6c175c > i {\n  margin-right: 8px;\n}<\/style><div class=\"btn-align-center\"><a href=\"https:\/\/pmthotels.com\/es\/contacto\/\" class=\"default-btn-shortcode dt-btn dt-btn-m fadeIn animate-element animation-builder link-hover-off full-width-btn \" id=\"default-btn-59a53e67459432fbe92846567a6c175c\" title=\"Contacto\"><span>M\u00e1s informaci\u00f3n<\/span><\/a><\/div><div class=\"ult-spacer spacer-69e75b9032d12\" data-id=\"69e75b9032d12\" data-height=\"50\" data-height-mobile=\"50\" data-height-tab=\"50\" data-height-tab-portrait=\"\" data-height-mobile-landscape=\"\" style=\"clear:both;display:block;\"><\/div>[\/vc_column][\/vc_row][vc_row full_width=\u00bbstretch_row\u00bb][vc_column]<div class=\"ult-spacer spacer-69e75b9032d1b\" data-id=\"69e75b9032d1b\" data-height=\"50\" data-height-mobile=\"50\" data-height-tab=\"50\" data-height-tab-portrait=\"\" data-height-mobile-landscape=\"\" style=\"clear:both;display:block;\"><\/div>[vc_custom_heading text=\u00bbHoteles PMT consultados en la prensa francesa\u00bb font_container=\u00bbtag:h2|text_align:center\u00bb use_theme_fonts=\u00bbyes\u00bb]<div class=\"ult-spacer spacer-69e75b9032d25\" data-id=\"69e75b9032d25\" data-height=\"44\" data-height-mobile=\"44\" data-height-tab=\"44\" data-height-tab-portrait=\"\" data-height-mobile-landscape=\"\" style=\"clear:both;display:block;\"><\/div>[\/vc_column][\/vc_row][vc_row][vc_column width=\u00bb1\/3&#8243;][vc_single_image image=\u00bb4130&#8243; img_size=\u00bbfull\u00bb alignment=\u00bbright\u00bb style=\u00bbvc_box_rounded\u00bb][\/vc_column][vc_column width=\u00bb1\/3&#8243;][vc_single_image image=\u00bb4127&#8243; img_size=\u00bbfull\u00bb alignment=\u00bbright\u00bb style=\u00bbvc_box_rounded\u00bb][\/vc_column][vc_column width=\u00bb1\/3&#8243;][vc_single_image image=\u00bb4124&#8243; img_size=\u00bbfull\u00bb alignment=\u00bbright\u00bb style=\u00bbvc_box_rounded\u00bb][\/vc_column][\/vc_row]<\/p>\n<\/div>","protected":false},"excerpt":{"rendered":"<p>[vc_row full_width=\u00bbstretch_row\u00bb css=\u00bb.vc_custom_1704388717275{background-image: url(https:\/\/pmthotels.com\/wp-content\/uploads\/2010\/01\/pmthotels-hotel-marketing.jpg?id=2661) !important;background-position: center !important;background-repeat: no-repeat !important;background-size: cover !important;}\u00bb][vc_column][vc_custom_heading source=\u00bbpost_title\u00bb font_container=\u00bbtag:h1|text_align:left\u00bb use_theme_fonts=\u00bbyes\u00bb][vc_custom_heading text=\u00bbSoluciones Yield Management\u00bb font_container=\u00bbtag:h3|text_align:left\u00bb use_theme_fonts=\u00bbyes\u00bb][\/vc_column][\/vc_row][vc_row full_width=\u00bbstretch_row\u00bb][vc_column width=\u00bb1\/3&#8243;][vc_text_separator title=\u00bbTodas nuestras soluciones\u00bb color=\u00bbblack\u00bb][\/vc_column][vc_column width=\u00bb2\/3&#8243;][vc_custom_heading text=\u00bbEl Yield Management o Revenue Management, una estrategia para ganar su sitio en el mercado!\u00bb font_container=\u00bbtag:h4|text_align:center\u00bb use_theme_fonts=\u00bbyes\u00bb][vc_column_text] Con el desarrollo del comercio electr\u00f3nico &#8211; la industria del viaje representa&hellip;<\/p>\n","protected":false},"author":1,"featured_media":0,"parent":5722,"menu_order":1,"comment_status":"closed","ping_status":"closed","template":"","meta":{"om_disable_all_campaigns":false,"footnotes":""},"class_list":["post-5705","page","type-page","status-publish","hentry","description-off"],"aioseo_notices":[],"_links":{"self":[{"href":"https:\/\/pmthotels.com\/es\/wp-json\/wp\/v2\/pages\/5705"}],"collection":[{"href":"https:\/\/pmthotels.com\/es\/wp-json\/wp\/v2\/pages"}],"about":[{"href":"https:\/\/pmthotels.com\/es\/wp-json\/wp\/v2\/types\/page"}],"author":[{"embeddable":true,"href":"https:\/\/pmthotels.com\/es\/wp-json\/wp\/v2\/users\/1"}],"replies":[{"embeddable":true,"href":"https:\/\/pmthotels.com\/es\/wp-json\/wp\/v2\/comments?post=5705"}],"version-history":[{"count":12,"href":"https:\/\/pmthotels.com\/es\/wp-json\/wp\/v2\/pages\/5705\/revisions"}],"predecessor-version":[{"id":5762,"href":"https:\/\/pmthotels.com\/es\/wp-json\/wp\/v2\/pages\/5705\/revisions\/5762"}],"up":[{"embeddable":true,"href":"https:\/\/pmthotels.com\/es\/wp-json\/wp\/v2\/pages\/5722"}],"wp:attachment":[{"href":"https:\/\/pmthotels.com\/es\/wp-json\/wp\/v2\/media?parent=5705"}],"curies":[{"name":"wp","href":"https:\/\/api.w.org\/{rel}","templated":true}]}}