{"id":5006,"date":"2023-11-13T14:47:23","date_gmt":"2023-11-13T13:47:23","guid":{"rendered":"https:\/\/pmthotels.com\/?page_id=5006"},"modified":"2024-01-16T13:27:56","modified_gmt":"2024-01-16T12:27:56","slug":"hotel-opening-repositioning-projects","status":"publish","type":"page","link":"https:\/\/pmthotels.com\/en\/hotel-opening-repositioning-projects\/","title":{"rendered":"Hotel opening or repositioning projects"},"content":{"rendered":"<div class=\"wpb-content-wrapper\"><p>[vc_row full_width=&#8221;stretch_row&#8221; css=&#8221;.vc_custom_1704410327870{background-image: url(https:\/\/pmthotels.com\/wp-content\/uploads\/2012\/07\/hotel-operations.png?id=5428) !important;background-position: center !important;background-repeat: no-repeat !important;background-size: cover !important;}&#8221;][vc_column]<div class=\"ult-spacer spacer-69e75d966fdf0\" data-id=\"69e75d966fdf0\" data-height=\"120\" data-height-mobile=\"120\" data-height-tab=\"120\" data-height-tab-portrait=\"\" data-height-mobile-landscape=\"\" style=\"clear:both;display:block;\"><\/div>[vc_custom_heading source=&#8221;post_title&#8221; font_container=&#8221;tag:h1|text_align:left&#8221; use_theme_fonts=&#8221;yes&#8221;][vc_custom_heading text=&#8221;France &amp; International&#8221; font_container=&#8221;tag:h3|text_align:left&#8221; use_theme_fonts=&#8221;yes&#8221;]<div class=\"ult-spacer spacer-69e75d966fe0e\" data-id=\"69e75d966fe0e\" data-height=\"90\" data-height-mobile=\"90\" data-height-tab=\"90\" data-height-tab-portrait=\"\" data-height-mobile-landscape=\"\" style=\"clear:both;display:block;\"><\/div>[\/vc_column][\/vc_row][vc_row disable_element=&#8221;yes&#8221;][vc_column][vc_column_text]<\/p>\n<h3>Solutions d\u2019accompagnement dans un projet d\u2019ouverture ou de repositionnement d\u2019h\u00f4tel<\/h3>\n<p><link rel='stylesheet' id='go-pricing-skin-red' href='https:\/\/pmthotels.com\/wp-content\/plugins\/go_pricing\/assets\/css\/go_pricing_skin_red.css?ver=3.4' type='text\/css' media='all' \/><style type=\"text\/css\">@import url(https:\/\/pmthotels.com\/wp-content\/plugins\/go_pricing\/assets\/lib\/font_awesome\/css\/font-awesome.min.css); #go-pricing-table-4476 .gw-go { margin-left:-10px; } #go-pricing-table-4476 .gw-go-col { margin-left:10px; } #go-pricing-table-4476 .gw-go-col-wrap { min-width:130px; } #go-pricing-table-4476 .gw-go { visibility:inherit; }<\/style><style>@media only screen and (min-width: 480px) and (max-width: 767px) { #go-pricing-table-4476 .gw-go-col-wrap { width:50%; } }<\/style><style>@media only screen and (min-width: 480px) and (max-width: 767px) { .gw-go-tooltip { left:50% !important; right:auto !important; transform: translateX(-50%) !important; margin-left:0!important; } .gw-go-tooltip-content:before { right:auto !important; left:50% !important; margin-left:-6px !important; } }<\/style><style>@media only screen and (max-width: 479px) { #go-pricing-table-4476 .gw-go-col-wrap { width:100%; } }<\/style><style>@media only screen and (max-width: 479px) { .gw-go-tooltip { left:50% !important; right:auto !important; transform: translateX(-50%) !important; margin-left:0!important; } .gw-go-tooltip-content:before { right:auto !important; left:50% !important; margin-left:-6px !important; } }<\/style><div id=\"go-pricing-table-4476\" class=\"go-pricing\" style=\"margin-bottom:20px;\"><div class=\"gw-go gw-go-clearfix gw-go-4cols\" data-id=\"4476\" data-colnum=\"4\" data-equalize=\"{&quot;column&quot;:1,&quot;body&quot;:1,&quot;footer&quot;:1}\" data-views=\"{&quot;tp&quot;:{&quot;min&quot;:768,&quot;max&quot;:959,&quot;cols&quot;:&quot;&quot;},&quot;ml&quot;:{&quot;min&quot;:480,&quot;max&quot;:767,&quot;cols&quot;:2},&quot;mp&quot;:{&quot;min&quot;:&quot;&quot;,&quot;max&quot;:479,&quot;cols&quot;:1}}\"><div class=\"gw-go-col-wrap gw-go-col-wrap-0 gw-go-hover\" data-current=\"1\" data-col-index=\"0\"><div class=\"gw-go-col gw-go-red3a\"><div class=\"gw-go-col-inner\"><div class=\"gw-go-col-inner-layer\"><\/div><div class=\"gw-go-col-inner-layer-over\"><\/div><div class=\"gw-go-header\"><img loading=\"lazy\" decoding=\"async\" src=\"https:\/\/pmthotels.com\/wp-content\/uploads\/2014\/11\/hotel-sales-marketing-solutions-pmthotels-200-95.jpg\" width=\"290\" height=\"145\" ><\/div><ul class=\"gw-go-body\"><li data-row-index=\"0\"><div class=\"gw-go-body-cell\">Orientations, d\u00e9couverte et \u00e9tude pr\u00e9liminaire<\/div><\/li><li class=\"gw-go-even\" data-row-index=\"1\"><div class=\"gw-go-body-cell\">Etude des plans <i class=\"fa fa-search\"><\/i><div class=\"gw-go-tooltip-content\" style=\"width:130px; color:#333333; background-color:#9D9D9D; border-color:#9D9D9D;\">Conseil technique et op\u00e9rationnel<\/div><\/div><\/li><li data-row-index=\"2\"><div class=\"gw-go-body-cell\">Business Plan<\/div><\/li><li class=\"gw-go-even\" data-row-index=\"3\"><div class=\"gw-go-body-cell\">Etude de march\u00e9<\/div><\/li><li data-row-index=\"4\"><div class=\"gw-go-body-cell\">Budget CA mensuel segment\u00e9<\/div><\/li><li class=\"gw-go-even\" data-row-index=\"5\"><div class=\"gw-go-body-cell\">Mod\u00e8le de distribution<\/div><\/li><li data-row-index=\"6\"><div class=\"gw-go-body-cell\">Architecture tarifaire dynamique et Yield Management<\/div><\/li><li class=\"gw-go-even\" data-row-index=\"7\"><div class=\"gw-go-body-cell\">Outil Yield<\/div><\/li><li data-row-index=\"8\"><div class=\"gw-go-body-cell\">Plan Sales & Marketing<\/div><\/li><li class=\"gw-go-even\" data-row-index=\"9\"><div class=\"gw-go-body-cell\">Plan Communication<\/div><\/li><li data-row-index=\"10\"><div class=\"gw-go-body-cell\">Conseil & Contracting aupr\u00e8s de prestataires externes<\/div><\/li><li class=\"gw-go-even\" data-row-index=\"11\"><div class=\"gw-go-body-cell\">Services de pr\u00e9-ouverture <i class=\"fa fa-search\"><\/i><div class=\"gw-go-tooltip-content\" style=\"width:130px; color:#333333; background-color:#9D9D9D; border-color:#9D9D9D;\">(r\u00e9tro-planning, d\u00e9finition de l\u2019exp\u00e9rience client, \u00e9laboration de proc\u00e9dures op\u00e9rationnelles, aide au recrutement, installation du PMS, syst\u00e8mes de distribution, interfaces et infrastructures informatiques, cr\u00e9ation et param\u00e9trage des agences en ligne, mise en place du Yield management, formations\u2026)<\/div><\/div><\/li><\/ul><div class=\"gw-go-footer-wrap\"><div class=\"gw-go-footer-spacer\"><\/div><div class=\"gw-go-footer\"><div class=\"gw-go-footer-rows\"><div class=\"gw-go-footer-row\" data-row-index=\"0\"><div class=\"gw-go-footer-row-inner\"><\/div><\/div><\/div><\/div><\/div><\/div><\/div><\/div><div class=\"gw-go-col-wrap gw-go-col-wrap-1 gw-go-hover\" data-current=\"1\" data-col-index=\"1\"><div class=\"gw-go-col gw-go-red3d gw-go-shadow2\"><div class=\"gw-go-col-inner\"><div class=\"gw-go-col-inner-layer\"><\/div><div class=\"gw-go-col-inner-layer-over\"><\/div><div class=\"gw-go-header\"><div class=\"gw-go-header-top\"><h3>Access<\/h3><div class=\"gw-go-coin-wrap\"><div class=\"gw-go-coinf\"><div><small><\/small><\/div><\/div><div class=\"gw-go-coinb\"><div><small><\/small><\/div><\/div><\/div><\/div><div class=\"gw-go-header-bottom\"><\/div><\/div><ul class=\"gw-go-body\"><li data-row-index=\"0\"><div class=\"gw-go-body-cell\"><span class=\"gw-go-icon-red-ok\"><\/span><\/div><\/li><li class=\"gw-go-even\" data-row-index=\"1\"><div class=\"gw-go-body-cell\"><span class=\"gw-go-icon-light-minus\"><\/span><\/div><\/li><li data-row-index=\"2\"><div class=\"gw-go-body-cell\"><span class=\"gw-go-icon-light-minus\"><\/span><\/div><\/li><li class=\"gw-go-even\" data-row-index=\"3\"><div class=\"gw-go-body-cell\"><span class=\"gw-go-icon-light-minus\"><\/span><\/div><\/li><li data-row-index=\"4\"><div class=\"gw-go-body-cell\"><span class=\"gw-go-icon-red-ok\"><\/span><\/div><\/li><li class=\"gw-go-even\" data-row-index=\"5\"><div class=\"gw-go-body-cell\"><span class=\"gw-go-icon-red-ok\"><\/span><\/div><\/li><li data-row-index=\"6\"><div class=\"gw-go-body-cell\"><span class=\"gw-go-icon-red-ok\"><\/span><\/div><\/li><li class=\"gw-go-even\" data-row-index=\"7\"><div class=\"gw-go-body-cell\"><span class=\"gw-go-icon-red-ok\"><\/span><\/div><\/li><li data-row-index=\"8\"><div class=\"gw-go-body-cell\"><span class=\"gw-go-icon-light-minus\"><\/span><\/div><\/li><li class=\"gw-go-even\" data-row-index=\"9\"><div class=\"gw-go-body-cell\"><span class=\"gw-go-icon-light-minus\"><\/span><\/div><\/li><li data-row-index=\"10\"><div class=\"gw-go-body-cell\"><span class=\"gw-go-icon-light-minus\"><\/span><\/div><\/li><li class=\"gw-go-even\" data-row-index=\"11\"><div class=\"gw-go-body-cell\"><span class=\"gw-go-icon-red-ok\"><\/span><\/div><\/li><\/ul><div class=\"gw-go-footer-wrap\"><div class=\"gw-go-footer-spacer\"><\/div><div class=\"gw-go-footer\"><div class=\"gw-go-footer-rows\"><div class=\"gw-go-footer-row\" data-row-index=\"0\"><div class=\"gw-go-footer-row-inner\"><\/div><\/div><\/div><\/div><\/div><\/div><\/div><\/div><div class=\"gw-go-col-wrap gw-go-col-wrap-2 gw-go-hover\" data-current=\"1\" data-col-index=\"2\"><div class=\"gw-go-col gw-go-red3d gw-go-shadow2\"><div class=\"gw-go-col-inner\"><div class=\"gw-go-col-inner-layer\"><\/div><div class=\"gw-go-col-inner-layer-over\"><\/div><div class=\"gw-go-ribbon-right\"><img decoding=\"async\" src=\"http:\/\/pmthotels.com\/wp-content\/uploads\/2014\/11\/preference-pmthotels.png\" alt=\"\"><\/div><div class=\"gw-go-header\"><div class=\"gw-go-header-top\"><h3>Advanced<\/h3><div class=\"gw-go-coin-wrap\"><div class=\"gw-go-coinf\"><div><small><\/small><\/div><\/div><div class=\"gw-go-coinb\"><div><small><\/small><\/div><\/div><\/div><\/div><div class=\"gw-go-header-bottom\"><\/div><\/div><ul class=\"gw-go-body\"><li data-row-index=\"0\"><div class=\"gw-go-body-cell\"><span class=\"gw-go-icon-red-ok\"><\/span><\/div><\/li><li class=\"gw-go-even\" data-row-index=\"1\"><div class=\"gw-go-body-cell\"><span class=\"gw-go-icon-red-ok\"><\/span><\/div><\/li><li data-row-index=\"2\"><div class=\"gw-go-body-cell\"><span class=\"gw-go-icon-red-ok\"><\/span><\/div><\/li><li class=\"gw-go-even\" data-row-index=\"3\"><div class=\"gw-go-body-cell\"><span class=\"gw-go-icon-light-minus\"><\/span><\/div><\/li><li data-row-index=\"4\"><div class=\"gw-go-body-cell\"><span class=\"gw-go-icon-red-ok\"><\/span><\/div><\/li><li class=\"gw-go-even\" data-row-index=\"5\"><div class=\"gw-go-body-cell\"><span class=\"gw-go-icon-red-ok\"><\/span><\/div><\/li><li data-row-index=\"6\"><div class=\"gw-go-body-cell\"><span class=\"gw-go-icon-red-ok\"><\/span><\/div><\/li><li class=\"gw-go-even\" data-row-index=\"7\"><div class=\"gw-go-body-cell\"><span class=\"gw-go-icon-red-ok\"><\/span><\/div><\/li><li data-row-index=\"8\"><div class=\"gw-go-body-cell\"><span class=\"gw-go-icon-light-minus\"><\/span><\/div><\/li><li class=\"gw-go-even\" data-row-index=\"9\"><div class=\"gw-go-body-cell\"><span class=\"gw-go-icon-light-minus\"><\/span><\/div><\/li><li data-row-index=\"10\"><div class=\"gw-go-body-cell\"><span class=\"gw-go-icon-red-ok\"><\/span><\/div><\/li><li class=\"gw-go-even\" data-row-index=\"11\"><div class=\"gw-go-body-cell\"><span class=\"gw-go-icon-red-ok\"><\/span><\/div><\/li><\/ul><div class=\"gw-go-footer-wrap\"><div class=\"gw-go-footer-spacer\"><\/div><div class=\"gw-go-footer\"><div class=\"gw-go-footer-rows\"><div class=\"gw-go-footer-row\" data-row-index=\"0\"><div class=\"gw-go-footer-row-inner\"><\/div><\/div><\/div><\/div><\/div><\/div><\/div><\/div><div class=\"gw-go-col-wrap gw-go-col-wrap-3 gw-go-hover\" data-current=\"1\" data-col-index=\"3\"><div class=\"gw-go-col gw-go-red3d gw-go-shadow2\"><div class=\"gw-go-col-inner\"><div class=\"gw-go-col-inner-layer\"><\/div><div class=\"gw-go-col-inner-layer-over\"><\/div><div class=\"gw-go-header\"><div class=\"gw-go-header-top\"><h3>Addict<\/h3><div class=\"gw-go-coin-wrap\"><div class=\"gw-go-coinf\"><div><small><\/small><\/div><\/div><div class=\"gw-go-coinb\"><div><small><\/small><\/div><\/div><\/div><\/div><div class=\"gw-go-header-bottom\"><\/div><\/div><ul class=\"gw-go-body\"><li data-row-index=\"0\"><div class=\"gw-go-body-cell\"><span class=\"gw-go-icon-red-ok\"><\/span><\/div><\/li><li class=\"gw-go-even\" data-row-index=\"1\"><div class=\"gw-go-body-cell\"><span class=\"gw-go-icon-red-ok\"><\/span><\/div><\/li><li data-row-index=\"2\"><div class=\"gw-go-body-cell\"><span class=\"gw-go-icon-red-ok\"><\/span><\/div><\/li><li class=\"gw-go-even\" data-row-index=\"3\"><div class=\"gw-go-body-cell\"><span class=\"gw-go-icon-red-ok\"><\/span><\/div><\/li><li data-row-index=\"4\"><div class=\"gw-go-body-cell\"><span class=\"gw-go-icon-red-ok\"><\/span><\/div><\/li><li class=\"gw-go-even\" data-row-index=\"5\"><div class=\"gw-go-body-cell\"><span class=\"gw-go-icon-red-ok\"><\/span><\/div><\/li><li data-row-index=\"6\"><div class=\"gw-go-body-cell\"><span class=\"gw-go-icon-red-ok\"><\/span><\/div><\/li><li class=\"gw-go-even\" data-row-index=\"7\"><div class=\"gw-go-body-cell\"><span class=\"gw-go-icon-red-ok\"><\/span><\/div><\/li><li data-row-index=\"8\"><div class=\"gw-go-body-cell\"><span class=\"gw-go-icon-red-ok\"><\/span><\/div><\/li><li class=\"gw-go-even\" data-row-index=\"9\"><div class=\"gw-go-body-cell\"><span class=\"gw-go-icon-red-ok\"><\/span><\/div><\/li><li data-row-index=\"10\"><div class=\"gw-go-body-cell\"><span class=\"gw-go-icon-red-ok\"><\/span><\/div><\/li><li class=\"gw-go-even\" data-row-index=\"11\"><div class=\"gw-go-body-cell\"><span class=\"gw-go-icon-red-ok\"><\/span><\/div><\/li><\/ul><div class=\"gw-go-footer-wrap\"><div class=\"gw-go-footer-spacer\"><\/div><div class=\"gw-go-footer\"><div class=\"gw-go-footer-rows\"><div class=\"gw-go-footer-row\" data-row-index=\"0\"><div class=\"gw-go-footer-row-inner\"><\/div><\/div><\/div><\/div><\/div><\/div><\/div><\/div><\/div><\/div>[\/vc_column_text][\/vc_column][\/vc_row][vc_row full_width=&#8221;stretch_row&#8221; css=&#8221;.vc_custom_1602623499126{background-color: #f4f4f4 !important;}&#8221;][vc_column width=&#8221;1\/4&#8243;]<div class=\"ult-spacer spacer-69e75d9671796\" data-id=\"69e75d9671796\" data-height=\"30\" data-height-mobile=\"30\" data-height-tab=\"30\" data-height-tab-portrait=\"\" data-height-mobile-landscape=\"\" style=\"clear:both;display:block;\"><\/div><style type=\"text\/css\" data-type=\"the7_shortcodes-inline-css\">#default-btn-8812494fcdf3c2d71fc2777461b1c8df.ico-right-side > i {\n  margin-right: 0px;\n  margin-left: 8px;\n}\n#default-btn-8812494fcdf3c2d71fc2777461b1c8df > i {\n  margin-right: 8px;\n}<\/style><div class=\"btn-align-center\"><a href=\"https:\/\/pmthotels.com\/en\/about-us\/\" class=\"default-btn-shortcode dt-btn dt-btn-m fadeIn animate-element animation-builder link-hover-off full-width-btn \" id=\"default-btn-8812494fcdf3c2d71fc2777461b1c8df\" title=\"About us\"><span>About us<\/span><\/a><\/div><div class=\"ult-spacer spacer-69e75d967185f\" data-id=\"69e75d967185f\" data-height=\"20\" data-height-mobile=\"20\" data-height-tab=\"20\" data-height-tab-portrait=\"\" data-height-mobile-landscape=\"\" style=\"clear:both;display:block;\"><\/div><style type=\"text\/css\" data-type=\"the7_shortcodes-inline-css\">#default-btn-3ddb895374faa187ecdd26f5891e5d97.ico-right-side > i {\n  margin-right: 0px;\n  margin-left: 8px;\n}\n#default-btn-3ddb895374faa187ecdd26f5891e5d97 > i {\n  margin-right: 8px;\n}<\/style><div class=\"btn-align-center\"><a href=\"https:\/\/pmthotels.com\/en\/yield-management\/know-how-yield\/\" class=\"default-btn-shortcode dt-btn dt-btn-m fadeIn animate-element animation-builder link-hover-off full-width-btn \" id=\"default-btn-3ddb895374faa187ecdd26f5891e5d97\" title=\"Know how in Yield\"><span>Know how in Yield<\/span><\/a><\/div><div class=\"ult-spacer spacer-69e75d96718b3\" data-id=\"69e75d96718b3\" data-height=\"20\" data-height-mobile=\"20\" data-height-tab=\"20\" data-height-tab-portrait=\"\" data-height-mobile-landscape=\"\" style=\"clear:both;display:block;\"><\/div><style type=\"text\/css\" data-type=\"the7_shortcodes-inline-css\">#default-btn-6e045ec7da30ebbcc0bc38e60196fa25.ico-right-side > i {\n  margin-right: 0px;\n  margin-left: 8px;\n}\n#default-btn-6e045ec7da30ebbcc0bc38e60196fa25 > i {\n  margin-right: 8px;\n}<\/style><div class=\"btn-align-center\"><a href=\"https:\/\/pmthotels.com\/en\/marketing\/distribution\/\" class=\"default-btn-shortcode dt-btn dt-btn-m fadeIn animate-element animation-builder link-hover-off full-width-btn \" id=\"default-btn-6e045ec7da30ebbcc0bc38e60196fa25\" title=\"Distribution\"><span>Distribution<\/span><\/a><\/div><div class=\"ult-spacer spacer-69e75d96718fb\" data-id=\"69e75d96718fb\" data-height=\"20\" data-height-mobile=\"20\" data-height-tab=\"20\" data-height-tab-portrait=\"\" data-height-mobile-landscape=\"\" style=\"clear:both;display:block;\"><\/div><style type=\"text\/css\" data-type=\"the7_shortcodes-inline-css\">#default-btn-b77761a33455e08c2038d3fde96b1169.ico-right-side > i {\n  margin-right: 0px;\n  margin-left: 8px;\n}\n#default-btn-b77761a33455e08c2038d3fde96b1169 > i {\n  margin-right: 8px;\n}<\/style><div class=\"btn-align-center\"><a href=\"https:\/\/pmthotels.com\/en\/marketing-communication\/sales-marketing-hotel-webmaster\/\" class=\"default-btn-shortcode dt-btn dt-btn-m fadeIn animate-element animation-builder link-hover-off full-width-btn \" id=\"default-btn-b77761a33455e08c2038d3fde96b1169\" title=\"Hotel webmaster\"><span>Webmaster<\/span><\/a><\/div><div class=\"ult-spacer spacer-69e75d967193c\" data-id=\"69e75d967193c\" data-height=\"20\" data-height-mobile=\"20\" data-height-tab=\"20\" data-height-tab-portrait=\"\" data-height-mobile-landscape=\"\" style=\"clear:both;display:block;\"><\/div><style type=\"text\/css\" data-type=\"the7_shortcodes-inline-css\">#default-btn-7dd26cc8c3ba591c0b4030a2280ef929.ico-right-side > i {\n  margin-right: 0px;\n  margin-left: 8px;\n}\n#default-btn-7dd26cc8c3ba591c0b4030a2280ef929 > i {\n  margin-right: 8px;\n}<\/style><div class=\"btn-align-center\"><a href=\"https:\/\/pmthotels.com\/en\/operations\/hotel-operational-management\/\" class=\"default-btn-shortcode dt-btn dt-btn-m fadeIn animate-element animation-builder link-hover-off full-width-btn \" id=\"default-btn-7dd26cc8c3ba591c0b4030a2280ef929\" title=\"Hotel Operational Management\"><span>Hotel Operational Management<\/span><\/a><\/div><div class=\"ult-spacer spacer-69e75d967197b\" data-id=\"69e75d967197b\" data-height=\"20\" data-height-mobile=\"20\" data-height-tab=\"20\" data-height-tab-portrait=\"\" data-height-mobile-landscape=\"\" style=\"clear:both;display:block;\"><\/div>[\/vc_column][vc_column width=&#8221;3\/4&#8243;]<div class=\"ult-spacer spacer-69e75d9671986\" data-id=\"69e75d9671986\" data-height=\"20\" data-height-mobile=\"20\" data-height-tab=\"20\" data-height-tab-portrait=\"\" data-height-mobile-landscape=\"\" style=\"clear:both;display:block;\"><\/div>[vc_column_text]<\/p>\n<p style=\"text-align: justify;\">If you are planning to <strong>open a hotel<\/strong>, take over a business, <strong>extend or reposition<\/strong> an existing product, PMT Hotels has developed its expertise with international hotel chains and on all independent hotel, restaurant and spa projects completed since its creation in 2010.<\/p>\n<p style=\"text-align: justify;\">We can help you make your project a reality by developing and advising you in the following areas:<\/p>\n<ul>\n<li style=\"text-align: justify; padding-left: 30px;\">Listening to the desired directions, <strong>discovering the locations envisaged<\/strong> (visits, site potential, etc.), preliminary market analysis (demand, markets represented, seasonality, state of the local offer, local performance, etc.).<\/li>\n<li style=\"text-align: justify; padding-left: 30px;\"><strong>Technical and operational advice on plans<\/strong> from DPLG architects and interior designers<\/li>\n<li style=\"text-align: justify; padding-left: 30px;\"><strong>Drawing up the business plan<\/strong> (legal structure, financing, projected income statement over 5 years, cash flow, working capital requirements, sensitivity table, etc.)<\/li>\n<li style=\"text-align: justify; padding-left: 30px;\"><strong>Market research<\/strong> (studies of potential market segments, competitor research, SWOT analysis, market positioning and definition of key differentiating factors, etc.).<\/li>\n<li style=\"text-align: justify; padding-left: 30px;\">Drawing up a t<strong>urnover budget by month and by market segment<\/strong><\/li>\n<li style=\"text-align: justify; padding-left: 30px;\">Development of an <strong>optimal distribution model<\/strong><\/li>\n<li style=\"text-align: justify; padding-left: 30px;\">Development of a <strong>dynamic and coherent pricing architecture<\/strong> across all markets<\/li>\n<li style=\"text-align: justify; padding-left: 30px;\">Drawing up a <strong>Sales &amp; Marketing Plan<\/strong><\/li>\n<li style=\"text-align: justify; padding-left: 30px;\">Drawing up a <strong>Communication Plan<\/strong><\/li>\n<li style=\"text-align: justify; padding-left: 30px;\"><strong>Advice and contracting with external service providers<\/strong> (hotel software, distribution tools, IT and communication systems, etc.)<\/li>\n<li style=\"text-align: justify; padding-left: 30px;\"><strong>Pre-opening services<\/strong> (retroplanning, definition of the customer experience, development of operational procedures, recruitment assistance, installation of the PMS, distribution systems, IT interfaces and infrastructures, creation and configuration of online branches, implementation of yield management, training, etc.).<\/li>\n<\/ul>\n<p style=\"text-align: justify;\">PMT Hotels has developed recognised expertise in hotel management, particularly in Yield Management, Sales &amp; Marketing, and can develop all the operational marketing requirements for your project (graphic identity, set of hotel promotional materials, website, etc.).<\/p>\n<p style=\"text-align: justify;\">Thanks to PMT Hotels and its dual expertise in consultancy and technical implementation, we are able to work independently, in accordance with your wishes and within the framework and budget defined for our assignment, thereby limiting the number of intermediaries and questions and freeing up your time, which is invaluable in projects of this kind.<\/p>\n<p style=\"text-align: justify;\">PMT Hotels will also continue the adventure with you over the following years, supporting you in the management, marketing and promotion of your hotel on the distribution networks&#8230;<\/p>\n<p style=\"text-align: justify;\">We&#8217;ll be happy to share our references with you and discuss your project in more detail.<\/p>\n<p>[\/vc_column_text][\/vc_column][\/vc_row][vc_row full_width=&#8221;stretch_row&#8221;][vc_column]<div class=\"ult-spacer spacer-69e75d967198f\" data-id=\"69e75d967198f\" data-height=\"20\" data-height-mobile=\"20\" data-height-tab=\"20\" data-height-tab-portrait=\"\" data-height-mobile-landscape=\"\" style=\"clear:both;display:block;\"><\/div>[vc_custom_heading text=&#8221;PMT Hotels in the French press&#8221; font_container=&#8221;tag:h2|text_align:center&#8221; use_theme_fonts=&#8221;yes&#8221;]<div class=\"ult-spacer spacer-69e75d9671999\" data-id=\"69e75d9671999\" data-height=\"44\" data-height-mobile=\"44\" data-height-tab=\"44\" data-height-tab-portrait=\"\" data-height-mobile-landscape=\"\" style=\"clear:both;display:block;\"><\/div>[\/vc_column][\/vc_row][vc_row][vc_column width=&#8221;1\/3&#8243;][vc_single_image image=&#8221;4130&#8243; img_size=&#8221;full&#8221; alignment=&#8221;right&#8221; style=&#8221;vc_box_rounded&#8221;][\/vc_column][vc_column width=&#8221;1\/3&#8243;][vc_single_image image=&#8221;4127&#8243; img_size=&#8221;full&#8221; alignment=&#8221;right&#8221; style=&#8221;vc_box_rounded&#8221;][\/vc_column][vc_column width=&#8221;1\/3&#8243;][vc_single_image image=&#8221;4124&#8243; img_size=&#8221;full&#8221; alignment=&#8221;right&#8221; style=&#8221;vc_box_rounded&#8221;][\/vc_column][\/vc_row]<\/p>\n<\/div>","protected":false},"excerpt":{"rendered":"<p>[vc_row full_width=&#8221;stretch_row&#8221; css=&#8221;.vc_custom_1704410327870{background-image: url(https:\/\/pmthotels.com\/wp-content\/uploads\/2012\/07\/hotel-operations.png?id=5428) !important;background-position: center !important;background-repeat: no-repeat !important;background-size: cover !important;}&#8221;][vc_column][vc_custom_heading source=&#8221;post_title&#8221; font_container=&#8221;tag:h1|text_align:left&#8221; use_theme_fonts=&#8221;yes&#8221;][vc_custom_heading text=&#8221;France &amp; International&#8221; font_container=&#8221;tag:h3|text_align:left&#8221; use_theme_fonts=&#8221;yes&#8221;][\/vc_column][\/vc_row][vc_row disable_element=&#8221;yes&#8221;][vc_column][vc_column_text] Solutions d\u2019accompagnement dans un projet d\u2019ouverture ou de repositionnement d\u2019h\u00f4tel [\/vc_column_text][\/vc_column][\/vc_row][vc_row full_width=&#8221;stretch_row&#8221; css=&#8221;.vc_custom_1602623499126{background-color: #f4f4f4 !important;}&#8221;][vc_column width=&#8221;1\/4&#8243;][\/vc_column][vc_column width=&#8221;3\/4&#8243;][vc_column_text] If you are planning to open a hotel, take over a business, extend or reposition an existing product,&hellip;<\/p>\n","protected":false},"author":1,"featured_media":0,"parent":0,"menu_order":120,"comment_status":"closed","ping_status":"closed","template":"","meta":{"om_disable_all_campaigns":false,"footnotes":""},"class_list":["post-5006","page","type-page","status-publish","hentry","description-off"],"aioseo_notices":[],"_links":{"self":[{"href":"https:\/\/pmthotels.com\/en\/wp-json\/wp\/v2\/pages\/5006"}],"collection":[{"href":"https:\/\/pmthotels.com\/en\/wp-json\/wp\/v2\/pages"}],"about":[{"href":"https:\/\/pmthotels.com\/en\/wp-json\/wp\/v2\/types\/page"}],"author":[{"embeddable":true,"href":"https:\/\/pmthotels.com\/en\/wp-json\/wp\/v2\/users\/1"}],"replies":[{"embeddable":true,"href":"https:\/\/pmthotels.com\/en\/wp-json\/wp\/v2\/comments?post=5006"}],"version-history":[{"count":6,"href":"https:\/\/pmthotels.com\/en\/wp-json\/wp\/v2\/pages\/5006\/revisions"}],"predecessor-version":[{"id":5664,"href":"https:\/\/pmthotels.com\/en\/wp-json\/wp\/v2\/pages\/5006\/revisions\/5664"}],"wp:attachment":[{"href":"https:\/\/pmthotels.com\/en\/wp-json\/wp\/v2\/media?parent=5006"}],"curies":[{"name":"wp","href":"https:\/\/api.w.org\/{rel}","templated":true}]}}