{"id":4892,"date":"2023-11-03T23:32:29","date_gmt":"2023-11-03T22:32:29","guid":{"rendered":"https:\/\/pmthotels.com\/?page_id=4892"},"modified":"2024-01-16T13:18:26","modified_gmt":"2024-01-16T12:18:26","slug":"hotel-sales-marketing-hotel-emailing-campaigns","status":"publish","type":"page","link":"https:\/\/pmthotels.com\/en\/marketing-communication\/hotel-sales-marketing-hotel-emailing-campaigns\/","title":{"rendered":"Hotel Emailing campaigns"},"content":{"rendered":"<div class=\"wpb-content-wrapper\"><p>[vc_row full_width=&#8221;stretch_row&#8221; css=&#8221;.vc_custom_1704553152687{background-image: url(https:\/\/pmthotels.com\/wp-content\/uploads\/2011\/06\/emailing-hotel.jpg?id=5382) !important;background-position: center !important;background-repeat: no-repeat !important;background-size: cover !important;}&#8221;][vc_column]<div class=\"ult-spacer spacer-69e75cbd5e4ef\" data-id=\"69e75cbd5e4ef\" data-height=\"120\" data-height-mobile=\"120\" data-height-tab=\"120\" data-height-tab-portrait=\"\" data-height-mobile-landscape=\"\" style=\"clear:both;display:block;\"><\/div>[vc_custom_heading source=&#8221;post_title&#8221; font_container=&#8221;tag:h1|text_align:left|color:%23ffffff&#8221; use_theme_fonts=&#8221;yes&#8221;][vc_custom_heading text=&#8221;Exceptional profitability&#8221; font_container=&#8221;tag:h3|text_align:left|color:%23ffffff&#8221; use_theme_fonts=&#8221;yes&#8221;]<div class=\"ult-spacer spacer-69e75cbd5e517\" data-id=\"69e75cbd5e517\" data-height=\"60\" data-height-mobile=\"60\" data-height-tab=\"60\" data-height-tab-portrait=\"\" data-height-mobile-landscape=\"\" style=\"clear:both;display:block;\"><\/div>[\/vc_column][\/vc_row][vc_row disable_element=&#8221;yes&#8221;][vc_column][vc_column_text]&lt;h3&gt;Solutions Emailing&lt;\/h3&gt;<br \/>\n<link rel='stylesheet' id='go-pricing-skin-red' href='https:\/\/pmthotels.com\/wp-content\/plugins\/go_pricing\/assets\/css\/go_pricing_skin_red.css?ver=3.4' type='text\/css' media='all' \/><style type=\"text\/css\">@import url(https:\/\/pmthotels.com\/wp-content\/plugins\/go_pricing\/assets\/lib\/font_awesome\/css\/font-awesome.min.css); #go-pricing-table-4498 .gw-go { margin-left:-10px; } #go-pricing-table-4498 .gw-go-col { margin-left:10px; } #go-pricing-table-4498 .gw-go-col-wrap { min-width:130px; } #go-pricing-table-4498 .gw-go { visibility:inherit; }<\/style><style>@media only screen and (min-width: 480px) and (max-width: 767px) { #go-pricing-table-4498 .gw-go-col-wrap { width:50%; } }<\/style><style>@media only screen and (min-width: 480px) and (max-width: 767px) { .gw-go-tooltip { left:50% !important; right:auto !important; transform: translateX(-50%) !important; margin-left:0!important; } .gw-go-tooltip-content:before { right:auto !important; left:50% !important; margin-left:-6px !important; } }<\/style><style>@media only screen and (max-width: 479px) { #go-pricing-table-4498 .gw-go-col-wrap { width:100%; } }<\/style><style>@media only screen and (max-width: 479px) { .gw-go-tooltip { left:50% !important; right:auto !important; transform: translateX(-50%) !important; margin-left:0!important; } .gw-go-tooltip-content:before { right:auto !important; left:50% !important; margin-left:-6px !important; } }<\/style><div id=\"go-pricing-table-4498\" class=\"go-pricing\" style=\"margin-bottom:20px;\"><div class=\"gw-go gw-go-clearfix gw-go-4cols\" data-id=\"4498\" data-colnum=\"4\" data-equalize=\"{&quot;column&quot;:1,&quot;body&quot;:1,&quot;footer&quot;:1}\" data-views=\"{&quot;tp&quot;:{&quot;min&quot;:768,&quot;max&quot;:959,&quot;cols&quot;:&quot;&quot;},&quot;ml&quot;:{&quot;min&quot;:480,&quot;max&quot;:767,&quot;cols&quot;:2},&quot;mp&quot;:{&quot;min&quot;:&quot;&quot;,&quot;max&quot;:479,&quot;cols&quot;:1}}\"><div class=\"gw-go-col-wrap gw-go-col-wrap-0 gw-go-hover\" data-current=\"1\" data-col-index=\"0\"><div class=\"gw-go-col gw-go-red3a\"><div class=\"gw-go-col-inner\"><div class=\"gw-go-col-inner-layer\"><\/div><div class=\"gw-go-col-inner-layer-over\"><\/div><div class=\"gw-go-header\"><img loading=\"lazy\" decoding=\"async\" src=\"https:\/\/pmthotels.com\/wp-content\/uploads\/2014\/11\/hotel-sales-marketing-solutions-pmthotels-200-95.jpg\" width=\"290\" height=\"145\" ><\/div><ul class=\"gw-go-body\"><li data-row-index=\"0\"><div class=\"gw-go-body-cell\">Formation Emailing (3 jours) <i class=\"fa fa-search\"><\/i><div class=\"gw-go-tooltip-content\" style=\"width:130px; color:#333333; background-color:#9D9D9D; border-color:#9D9D9D;\">Formation \u00e0 la strat\u00e9gie de communication par email, conception graphique sur Photoshop, int\u00e9gration HTML et gestion de la base de donn\u00e9e<\/div><\/div><\/li><li class=\"gw-go-even\" data-row-index=\"1\"><div class=\"gw-go-body-cell\">Support <i class=\"fa fa-search\"><\/i><div class=\"gw-go-tooltip-content\" style=\"width:130px; color:#333333; background-color:#9D9D9D; border-color:#9D9D9D;\">Support \u00e0 la cr\u00e9ation sur Photoshop, \u00e0 l'int\u00e9gration HTML et \u00e0 la gestion de la base de donn\u00e9e.<\/div><\/div><\/li><li data-row-index=\"2\"><div class=\"gw-go-body-cell\">Template emailing <i class=\"fa fa-search\"><\/i><div class=\"gw-go-tooltip-content\" style=\"width:130px; color:#333333; background-color:#9D9D9D; border-color:#9D9D9D;\"><strong>Cr\u00e9ation originale sur mesure<\/strong> d'un template en accord avec la charte graphique de l'h\u00f4tel pour une utilisation illimit\u00e9 de campagnes.<\/div><\/div><\/li><li class=\"gw-go-even\" data-row-index=\"3\"><div class=\"gw-go-body-cell\">Cr\u00e9ation sp\u00e9ciales <i class=\"fa fa-search\"><\/i><div class=\"gw-go-tooltip-content\" style=\"width:130px; color:#333333; background-color:#9D9D9D; border-color:#9D9D9D;\">Cr\u00e9ation graphique uniques pour une campagne emailing sp\u00e9cifique (voeux, anniversaire...)<\/div><\/div><\/li><\/ul><div class=\"gw-go-footer-wrap\"><div class=\"gw-go-footer-spacer\"><\/div><div class=\"gw-go-footer\"><div class=\"gw-go-footer-rows\"><div class=\"gw-go-footer-row\" data-row-index=\"0\"><div class=\"gw-go-footer-row-inner\"><\/div><\/div><\/div><\/div><\/div><\/div><\/div><\/div><div class=\"gw-go-col-wrap gw-go-col-wrap-1 gw-go-hover\" data-current=\"1\" data-col-index=\"1\"><div class=\"gw-go-col gw-go-red3d gw-go-shadow2\"><div class=\"gw-go-col-inner\"><div class=\"gw-go-col-inner-layer\"><\/div><div class=\"gw-go-col-inner-layer-over\"><\/div><div class=\"gw-go-header\"><div class=\"gw-go-header-top\"><h3>Access<\/h3><div class=\"gw-go-coin-wrap\"><div class=\"gw-go-coinf\"><div><small><\/small><\/div><\/div><div class=\"gw-go-coinb\"><div><small><\/small><\/div><\/div><\/div><\/div><div class=\"gw-go-header-bottom\"><\/div><\/div><ul class=\"gw-go-body\"><li data-row-index=\"0\"><div class=\"gw-go-body-cell\"><span class=\"gw-go-icon-red-ok\"><\/span><\/div><\/li><li class=\"gw-go-even\" data-row-index=\"1\"><div class=\"gw-go-body-cell\">Offert<\/div><\/li><li data-row-index=\"2\"><div class=\"gw-go-body-cell\"><span class=\"gw-go-icon-light-minus\"><\/span><\/div><\/li><li class=\"gw-go-even\" data-row-index=\"3\"><div class=\"gw-go-body-cell\"><span class=\"gw-go-icon-light-minus\"><\/span><\/div><\/li><\/ul><div class=\"gw-go-footer-wrap\"><div class=\"gw-go-footer-spacer\"><\/div><div class=\"gw-go-footer\"><div class=\"gw-go-footer-rows\"><div class=\"gw-go-footer-row\" data-row-index=\"0\"><div class=\"gw-go-footer-row-inner\"><\/div><\/div><\/div><\/div><\/div><\/div><\/div><\/div><div class=\"gw-go-col-wrap gw-go-col-wrap-2 gw-go-hover\" data-current=\"1\" data-col-index=\"2\"><div class=\"gw-go-col gw-go-red3d gw-go-shadow2\"><div class=\"gw-go-col-inner\"><div class=\"gw-go-col-inner-layer\"><\/div><div class=\"gw-go-col-inner-layer-over\"><\/div><div class=\"gw-go-ribbon-right\"><img decoding=\"async\" src=\"http:\/\/pmthotels.com\/wp-content\/uploads\/2014\/11\/preference-pmthotels.png\" alt=\"\"><\/div><div class=\"gw-go-header\"><div class=\"gw-go-header-top\"><h3>Advanced<\/h3><div class=\"gw-go-coin-wrap\"><div class=\"gw-go-coinf\"><div><small><\/small><\/div><\/div><div class=\"gw-go-coinb\"><div><small><\/small><\/div><\/div><\/div><\/div><div class=\"gw-go-header-bottom\"><\/div><\/div><ul class=\"gw-go-body\"><li data-row-index=\"0\"><div class=\"gw-go-body-cell\"><span class=\"gw-go-icon-red-ok\"><\/span><\/div><\/li><li class=\"gw-go-even\" data-row-index=\"1\"><div class=\"gw-go-body-cell\">Offert<\/div><\/li><li data-row-index=\"2\"><div class=\"gw-go-body-cell\"><span class=\"gw-go-icon-red-ok\"><\/span><\/div><\/li><li class=\"gw-go-even\" data-row-index=\"3\"><div class=\"gw-go-body-cell\"><span class=\"gw-go-icon-light-minus\"><\/span><\/div><\/li><\/ul><div class=\"gw-go-footer-wrap\"><div class=\"gw-go-footer-spacer\"><\/div><div class=\"gw-go-footer\"><div class=\"gw-go-footer-rows\"><div class=\"gw-go-footer-row\" data-row-index=\"0\"><div class=\"gw-go-footer-row-inner\"><\/div><\/div><\/div><\/div><\/div><\/div><\/div><\/div><div class=\"gw-go-col-wrap gw-go-col-wrap-3 gw-go-hover\" data-current=\"1\" data-col-index=\"3\"><div class=\"gw-go-col gw-go-red3d gw-go-shadow2\"><div class=\"gw-go-col-inner\"><div class=\"gw-go-col-inner-layer\"><\/div><div class=\"gw-go-col-inner-layer-over\"><\/div><div class=\"gw-go-header\"><div class=\"gw-go-header-top\"><h3>Addict<\/h3><div class=\"gw-go-coin-wrap\"><div class=\"gw-go-coinf\"><div><small><\/small><\/div><\/div><div class=\"gw-go-coinb\"><div><small><\/small><\/div><\/div><\/div><\/div><div class=\"gw-go-header-bottom\"><\/div><\/div><ul class=\"gw-go-body\"><li data-row-index=\"0\"><div class=\"gw-go-body-cell\"><span class=\"gw-go-icon-red-ok\"><\/span><\/div><\/li><li class=\"gw-go-even\" data-row-index=\"1\"><div class=\"gw-go-body-cell\">Offert<\/div><\/li><li data-row-index=\"2\"><div class=\"gw-go-body-cell\"><span class=\"gw-go-icon-red-ok\"><\/span><\/div><\/li><li class=\"gw-go-even\" data-row-index=\"3\"><div class=\"gw-go-body-cell\">2 cr\u00e9ations<\/div><\/li><\/ul><div class=\"gw-go-footer-wrap\"><div class=\"gw-go-footer-spacer\"><\/div><div class=\"gw-go-footer\"><div class=\"gw-go-footer-rows\"><div class=\"gw-go-footer-row\" data-row-index=\"0\"><div class=\"gw-go-footer-row-inner\"><\/div><\/div><\/div><\/div><\/div><\/div><\/div><\/div><\/div><\/div>[\/vc_column_text][\/vc_column][\/vc_row][vc_row full_width=&#8221;stretch_row&#8221; css=&#8221;.vc_custom_1602623499126{background-color: #f4f4f4 !important;}&#8221;][vc_column width=&#8221;1\/3&#8243;]<div class=\"ult-spacer spacer-69e75cbd60316\" data-id=\"69e75cbd60316\" data-height=\"30\" data-height-mobile=\"30\" data-height-tab=\"30\" data-height-tab-portrait=\"\" data-height-mobile-landscape=\"\" style=\"clear:both;display:block;\"><\/div>[vc_text_separator title=&#8221;Our solutions&#8221; color=&#8221;black&#8221;]<style type=\"text\/css\" data-type=\"the7_shortcodes-inline-css\">#default-btn-16ce6b68b8f41469d1765b1c5b4df9c4.ico-right-side > i {\n  margin-right: 0px;\n  margin-left: 8px;\n}\n#default-btn-16ce6b68b8f41469d1765b1c5b4df9c4 > i {\n  margin-right: 8px;\n}<\/style><div class=\"btn-align-center\"><a href=\"https:\/\/pmthotels.com\/en\/marketing-communication\/hotel-sales-marketing-hotel-graphic-designer\/\" class=\"default-btn-shortcode dt-btn dt-btn-m fadeIn animate-element animation-builder link-hover-off full-width-btn \" id=\"default-btn-16ce6b68b8f41469d1765b1c5b4df9c4\" title=\"Hotel Graphic Designer\"><span>Hotel Graphic Designer<\/span><\/a><\/div><div class=\"ult-spacer spacer-69e75cbd6042b\" data-id=\"69e75cbd6042b\" data-height=\"20\" data-height-mobile=\"20\" data-height-tab=\"20\" data-height-tab-portrait=\"\" data-height-mobile-landscape=\"\" style=\"clear:both;display:block;\"><\/div><style type=\"text\/css\" data-type=\"the7_shortcodes-inline-css\">#default-btn-b77761a33455e08c2038d3fde96b1169.ico-right-side > i {\n  margin-right: 0px;\n  margin-left: 8px;\n}\n#default-btn-b77761a33455e08c2038d3fde96b1169 > i {\n  margin-right: 8px;\n}<\/style><div class=\"btn-align-center\"><a href=\"https:\/\/pmthotels.com\/en\/marketing-communication\/sales-marketing-hotel-webmaster\/\" class=\"default-btn-shortcode dt-btn dt-btn-m fadeIn animate-element animation-builder link-hover-off full-width-btn \" id=\"default-btn-b77761a33455e08c2038d3fde96b1169\" title=\"Hotel webmaster\"><span>Hotel webmaster<\/span><\/a><\/div><div class=\"ult-spacer spacer-69e75cbd604b5\" data-id=\"69e75cbd604b5\" data-height=\"20\" data-height-mobile=\"20\" data-height-tab=\"20\" data-height-tab-portrait=\"\" data-height-mobile-landscape=\"\" style=\"clear:both;display:block;\"><\/div><style type=\"text\/css\" data-type=\"the7_shortcodes-inline-css\">#default-btn-1d3cb4dadcab94a746c5edb1c469da46.ico-right-side > i {\n  margin-right: 0px;\n  margin-left: 8px;\n}\n#default-btn-1d3cb4dadcab94a746c5edb1c469da46 > i {\n  margin-right: 8px;\n}<\/style><div class=\"btn-align-center\"><a href=\"https:\/\/pmthotels.com\/en\/marketing-communication\/hotel-sales-marketing-search-engine-optimization\/\" class=\"default-btn-shortcode dt-btn dt-btn-m fadeIn animate-element animation-builder link-hover-off full-width-btn \" id=\"default-btn-1d3cb4dadcab94a746c5edb1c469da46\" title=\"Search engine optimization\"><span>Search engine optimization<\/span><\/a><\/div><div class=\"ult-spacer spacer-69e75cbd60525\" data-id=\"69e75cbd60525\" data-height=\"20\" data-height-mobile=\"20\" data-height-tab=\"20\" data-height-tab-portrait=\"\" data-height-mobile-landscape=\"\" style=\"clear:both;display:block;\"><\/div><style type=\"text\/css\" data-type=\"the7_shortcodes-inline-css\">#default-btn-fb6367d356167965d61a108799b56433.ico-right-side > i {\n  margin-right: 0px;\n  margin-left: 8px;\n}\n#default-btn-fb6367d356167965d61a108799b56433 > i {\n  margin-right: 8px;\n}<\/style><div class=\"btn-align-center\"><a href=\"https:\/\/pmthotels.com\/en\/marketing-communication\/hotel-sales-marketing-blog-development\/\" class=\"default-btn-shortcode dt-btn dt-btn-m fadeIn animate-element animation-builder link-hover-off full-width-btn \" id=\"default-btn-fb6367d356167965d61a108799b56433\" title=\"Blog Development\"><span>Blog Development<\/span><\/a><\/div><div class=\"ult-spacer spacer-69e75cbd60599\" data-id=\"69e75cbd60599\" data-height=\"20\" data-height-mobile=\"20\" data-height-tab=\"20\" data-height-tab-portrait=\"\" data-height-mobile-landscape=\"\" style=\"clear:both;display:block;\"><\/div><style type=\"text\/css\" data-type=\"the7_shortcodes-inline-css\">#default-btn-6a6bc5622361dd936a7c49a379e0acd7.ico-right-side > i {\n  margin-right: 0px;\n  margin-left: 8px;\n}\n#default-btn-6a6bc5622361dd936a7c49a379e0acd7 > i {\n  margin-right: 8px;\n}<\/style><div class=\"btn-align-center\"><a href=\"https:\/\/pmthotels.com\/en\/marketing-communication\/hotel-sales-marketing-pay-per-click-campaigns\/\" class=\"default-btn-shortcode dt-btn dt-btn-m fadeIn animate-element animation-builder link-hover-off full-width-btn \" id=\"default-btn-6a6bc5622361dd936a7c49a379e0acd7\" title=\"Pay-Per-Click Campaigns\"><span>Pay-Per-Click Campaigns<\/span><\/a><\/div><div class=\"ult-spacer spacer-69e75cbd60607\" data-id=\"69e75cbd60607\" data-height=\"20\" data-height-mobile=\"20\" data-height-tab=\"20\" data-height-tab-portrait=\"\" data-height-mobile-landscape=\"\" style=\"clear:both;display:block;\"><\/div><style type=\"text\/css\" data-type=\"the7_shortcodes-inline-css\">#default-btn-4deda0fa8e2bfa88e72961c26941eca5.ico-right-side > i {\n  margin-right: 0px;\n  margin-left: 8px;\n}\n#default-btn-4deda0fa8e2bfa88e72961c26941eca5 > i {\n  margin-right: 8px;\n}<\/style><div class=\"btn-align-center\"><a href=\"https:\/\/pmthotels.com\/en\/marketing-communication\/hotel-sales-marketing-hotel-social-networks\/\" class=\"default-btn-shortcode dt-btn dt-btn-m fadeIn animate-element animation-builder link-hover-off full-width-btn \" id=\"default-btn-4deda0fa8e2bfa88e72961c26941eca5\" title=\"Hotel Social networks\"><span>Hotel Social networks<\/span><\/a><\/div><div class=\"ult-spacer spacer-69e75cbd60673\" data-id=\"69e75cbd60673\" data-height=\"20\" data-height-mobile=\"20\" data-height-tab=\"20\" data-height-tab-portrait=\"\" data-height-mobile-landscape=\"\" style=\"clear:both;display:block;\"><\/div><style type=\"text\/css\" data-type=\"the7_shortcodes-inline-css\">#default-btn-8158a0b7cea0a8ba3fb3a1a6b5633807.ico-right-side > i {\n  margin-right: 0px;\n  margin-left: 8px;\n}\n#default-btn-8158a0b7cea0a8ba3fb3a1a6b5633807 > i {\n  margin-right: 8px;\n}<\/style><div class=\"btn-align-center\"><a href=\"https:\/\/pmthotels.com\/en\/marketing-communication\/e-reputation\/\" class=\"default-btn-shortcode dt-btn dt-btn-m fadeIn animate-element animation-builder link-hover-off full-width-btn \" id=\"default-btn-8158a0b7cea0a8ba3fb3a1a6b5633807\" title=\"E reputation\"><span>E-Reputation<\/span><\/a><\/div><div class=\"ult-spacer spacer-69e75cbd606ec\" data-id=\"69e75cbd606ec\" data-height=\"20\" data-height-mobile=\"20\" data-height-tab=\"20\" data-height-tab-portrait=\"\" data-height-mobile-landscape=\"\" style=\"clear:both;display:block;\"><\/div>[\/vc_column][vc_column width=&#8221;2\/3&#8243;]<div class=\"ult-spacer spacer-69e75cbd606ff\" data-id=\"69e75cbd606ff\" data-height=\"30\" data-height-mobile=\"30\" data-height-tab=\"30\" data-height-tab-portrait=\"\" data-height-mobile-landscape=\"\" style=\"clear:both;display:block;\"><\/div>[vc_column_text]<\/p>\n<p style=\"text-align: justify;\"><!--:fr-->True\u00a0to\u00a0our\u00a0mission\u00a0to\u00a0facilitate\u00a0e-marketing\u00a0for hotels,\u00a0using\u00a0the\u00a0best of technology,\u00a0<strong>PMT Hotels\u00a0offers\u00a0complete solutions\u00a0for\u00a0managing\u00a0your\u00a0email campaigns<\/strong> through:<\/p>\n<ul style=\"text-align: justify;\">\n<li style=\"padding-left: 30px;\">Custom\u00a0graphic design\u00a0of your\u00a0email<\/li>\n<li style=\"padding-left: 30px;\">Advise in email content<\/li>\n<li style=\"padding-left: 30px;\">Technical integration\u00a0of the\u00a0email<\/li>\n<li style=\"padding-left: 30px;\">Creating\u00a0a\u00a0mirror\u00a0page\u00a0accessible\u00a0through the Internet<\/li>\n<li style=\"padding-left: 30px;\">Creating\u00a0an\u00a0unsubscribe form\u00a0automatically\u00a0synchronized with the database<\/li>\n<li style=\"padding-left: 30px;\">Qualification of your\u00a0client file\u00a0(segmentation\u00a0of your database\u00a0using the RFM rule:\u00a0Recency\u00a0-Frequency\u00a0&#8211;\u00a0Amount)<\/li>\n<li style=\"padding-left: 30px;\">The use\u00a0of\u00a0SMTP server\u00a0dedicated\u00a0solely to\u00a0the\u00a0mass emailing\u00a0ensuring\u00a0optimal deliverability,\u00a0reliable\u00a0and\u00a0safe<\/li>\n<li style=\"padding-left: 30px;\">Analysis\u00a0and\u00a0synthesis\u00a0of\u00a0the performance\u00a0of your campaign (bounces,\u00a0unsubscribes, open rates,\u00a0clickthrough rates,\u00a0by\u00a0segment,\u00a0clicked links\u00a0&#8230;)<\/li>\n<li style=\"padding-left: 30px;\">&#8230;<\/li>\n<\/ul>\n<p style=\"text-align: justify;\">For\u00a0your\u00a0hotel, look\u00a0for\u00a0business solutions in email campaigns\u00a0coupled\u00a0with PMT\u00a0Hotels\u00a0expertise\u00a0in Web\u00a0Marketing and Hotel industry.<\/p>\n<p><!--:-->[\/vc_column_text]<div class=\"ult-spacer spacer-69e75cbd6070e\" data-id=\"69e75cbd6070e\" data-height=\"20\" data-height-mobile=\"20\" data-height-tab=\"20\" data-height-tab-portrait=\"\" data-height-mobile-landscape=\"\" style=\"clear:both;display:block;\"><\/div>[vc_column_text]<\/p>\n<p style=\"text-align: justify;\"><strong>Performance observed on ou Emailing campaigns:<\/strong><\/p>\n<p style=\"text-align: justify;\"><div class=\"skills animate-element\"><br \/>\n<div class=\"skill-name\">Delivrability <span>98%<\/span><\/div><div class=\"skill\"><div class=\"skill-value\" data-width=\"98\"><\/div><\/div><br \/>\n<div class=\"skill-name\">Emails Open rate <span>34%<\/span><\/div><div class=\"skill\"><div class=\"skill-value\" data-width=\"34\"><\/div><\/div><br \/>\n<div class=\"skill-name\">Reactivity rate <span>31%<\/span><\/div><div class=\"skill\"><div class=\"skill-value\" data-width=\"31\"><\/div><\/div><\/div>\n<p><!--:-->[\/vc_column_text][\/vc_column][\/vc_row][vc_row full_width=&#8221;stretch_row&#8221;][vc_column]<div class=\"ult-spacer spacer-69e75cbd6080e\" data-id=\"69e75cbd6080e\" data-height=\"50\" data-height-mobile=\"50\" data-height-tab=\"50\" data-height-tab-portrait=\"\" data-height-mobile-landscape=\"\" style=\"clear:both;display:block;\"><\/div>[vc_custom_heading text=&#8221;PMT Hotels in the French press&#8221; font_container=&#8221;tag:h2|text_align:center&#8221; use_theme_fonts=&#8221;yes&#8221;]<div class=\"ult-spacer spacer-69e75cbd60823\" data-id=\"69e75cbd60823\" data-height=\"44\" data-height-mobile=\"44\" data-height-tab=\"44\" data-height-tab-portrait=\"\" data-height-mobile-landscape=\"\" style=\"clear:both;display:block;\"><\/div>[\/vc_column][\/vc_row][vc_row][vc_column width=&#8221;1\/3&#8243;][vc_single_image image=&#8221;4130&#8243; img_size=&#8221;full&#8221; alignment=&#8221;right&#8221; style=&#8221;vc_box_rounded&#8221;][\/vc_column][vc_column width=&#8221;1\/3&#8243;][vc_single_image image=&#8221;4127&#8243; img_size=&#8221;full&#8221; alignment=&#8221;right&#8221; style=&#8221;vc_box_rounded&#8221;][\/vc_column][vc_column width=&#8221;1\/3&#8243;][vc_single_image image=&#8221;4124&#8243; img_size=&#8221;full&#8221; alignment=&#8221;right&#8221; style=&#8221;vc_box_rounded&#8221;][\/vc_column][\/vc_row]<\/p>\n<\/div>","protected":false},"excerpt":{"rendered":"<p>[vc_row full_width=&#8221;stretch_row&#8221; css=&#8221;.vc_custom_1704553152687{background-image: url(https:\/\/pmthotels.com\/wp-content\/uploads\/2011\/06\/emailing-hotel.jpg?id=5382) !important;background-position: center !important;background-repeat: no-repeat !important;background-size: cover !important;}&#8221;][vc_column][vc_custom_heading source=&#8221;post_title&#8221; font_container=&#8221;tag:h1|text_align:left|color:%23ffffff&#8221; use_theme_fonts=&#8221;yes&#8221;][vc_custom_heading text=&#8221;Exceptional profitability&#8221; font_container=&#8221;tag:h3|text_align:left|color:%23ffffff&#8221; use_theme_fonts=&#8221;yes&#8221;][\/vc_column][\/vc_row][vc_row disable_element=&#8221;yes&#8221;][vc_column][vc_column_text]&lt;h3&gt;Solutions Emailing&lt;\/h3&gt; [\/vc_column_text][\/vc_column][\/vc_row][vc_row full_width=&#8221;stretch_row&#8221; css=&#8221;.vc_custom_1602623499126{background-color: #f4f4f4 !important;}&#8221;][vc_column width=&#8221;1\/3&#8243;][vc_text_separator title=&#8221;Our solutions&#8221; color=&#8221;black&#8221;][\/vc_column][vc_column width=&#8221;2\/3&#8243;][vc_column_text] True\u00a0to\u00a0our\u00a0mission\u00a0to\u00a0facilitate\u00a0e-marketing\u00a0for hotels,\u00a0using\u00a0the\u00a0best of technology,\u00a0PMT Hotels\u00a0offers\u00a0complete solutions\u00a0for\u00a0managing\u00a0your\u00a0email campaigns through: Custom\u00a0graphic design\u00a0of your\u00a0email Advise in email content Technical integration\u00a0of the\u00a0email Creating\u00a0a\u00a0mirror\u00a0page\u00a0accessible\u00a0through the Internet Creating\u00a0an\u00a0unsubscribe form\u00a0automatically\u00a0synchronized with the&hellip;<\/p>\n","protected":false},"author":1,"featured_media":0,"parent":4967,"menu_order":5,"comment_status":"closed","ping_status":"closed","template":"","meta":{"om_disable_all_campaigns":false,"footnotes":""},"class_list":["post-4892","page","type-page","status-publish","hentry","description-off"],"aioseo_notices":[],"_links":{"self":[{"href":"https:\/\/pmthotels.com\/en\/wp-json\/wp\/v2\/pages\/4892"}],"collection":[{"href":"https:\/\/pmthotels.com\/en\/wp-json\/wp\/v2\/pages"}],"about":[{"href":"https:\/\/pmthotels.com\/en\/wp-json\/wp\/v2\/types\/page"}],"author":[{"embeddable":true,"href":"https:\/\/pmthotels.com\/en\/wp-json\/wp\/v2\/users\/1"}],"replies":[{"embeddable":true,"href":"https:\/\/pmthotels.com\/en\/wp-json\/wp\/v2\/comments?post=4892"}],"version-history":[{"count":9,"href":"https:\/\/pmthotels.com\/en\/wp-json\/wp\/v2\/pages\/4892\/revisions"}],"predecessor-version":[{"id":5661,"href":"https:\/\/pmthotels.com\/en\/wp-json\/wp\/v2\/pages\/4892\/revisions\/5661"}],"up":[{"embeddable":true,"href":"https:\/\/pmthotels.com\/en\/wp-json\/wp\/v2\/pages\/4967"}],"wp:attachment":[{"href":"https:\/\/pmthotels.com\/en\/wp-json\/wp\/v2\/media?parent=4892"}],"curies":[{"name":"wp","href":"https:\/\/api.w.org\/{rel}","templated":true}]}}